{"id":66,"date":"2022-07-29T15:57:41","date_gmt":"2022-07-29T15:57:41","guid":{"rendered":"http:\/\/ilia.uartes.edu.ec\/f-ilia\/acerca-de-f-ilia\/contacto\/"},"modified":"2023-11-09T15:24:03","modified_gmt":"2023-11-09T20:24:03","slug":"contacto","status":"publish","type":"page","link":"https:\/\/ilia.uartes.edu.ec\/f-ilia\/contacto\/","title":{"rendered":"Contacto"},"content":{"rendered":"\n<p>Puedes escribirnos con tus comentarios o dudas a\u00a0<a href=\"mailto:info@uartes.edu.ec\">info@uartes.edu.ec<\/a> o <a href=\"mailto:revista.filia@uartes.edu.ec\">revista.filia@uartes.edu.ec<\/a>.<\/p>\n\n\n\n<h3 class=\"wp-block-heading\">Direcci\u00f3n<\/h3>\n\n\n\n<p>Sim\u00f3n Bol\u00edvar Palacios, entre Aguirre y Clemente Ball\u00e9n, Guayaquil 090313. Ecuador.<\/p>\n","protected":false},"excerpt":{"rendered":"<p>Puedes escribirnos con tus comentarios o dudas a\u00a0info@uartes.edu.ec o revista.filia@uartes.edu.ec. Direcci\u00f3n Sim\u00f3n Bol\u00edvar Palacios, entre Aguirre y Clemente Ball\u00e9n, Guayaquil 090313. Ecuador.<\/p>\n","protected":false},"author":1,"featured_media":0,"parent":0,"menu_order":10,"comment_status":"closed","ping_status":"closed","template":"","meta":{"_uag_custom_page_level_css":"","_monsterinsights_skip_tracking":false,"_monsterinsights_sitenote_active":false,"_monsterinsights_sitenote_note":"","_monsterinsights_sitenote_category":0,"cybocfi_hide_featured_image":"","footnotes":""},"class_list":["post-66","page","type-page","status-publish","hentry"],"blocksy_meta":{"styles_descriptor":{"styles":{"desktop":"","tablet":"","mobile":""},"google_fonts":[],"version":6}},"uagb_featured_image_src":{"full":false,"thumbnail":false,"medium":false,"medium_large":false,"large":false,"1536x1536":false,"2048x2048":false,"trp-custom-language-flag":false,"tainacan-small":false,"tainacan-medium":false,"tainacan-medium-full":false,"tainacan-large-full":false},"uagb_author_info":{"display_name":"Universidad de las Artes","author_link":"https:\/\/ilia.uartes.edu.ec\/f-ilia\/author\/dircomadm\/"},"uagb_comment_info":0,"uagb_excerpt":"Puedes escribirnos con tus comentarios o dudas a\u00a0info@uartes.edu.ec o revista.filia@uartes.edu.ec. Direcci\u00f3n Sim\u00f3n Bol\u00edvar Palacios, entre Aguirre y Clemente Ball\u00e9n, Guayaquil 090313. Ecuador.","distributor_meta":false,"distributor_terms":false,"distributor_media":false,"distributor_original_site_name":"Revista F-ILIA - Investigaci\u00f3n, Arte y Memoria","distributor_original_site_url":"https:\/\/ilia.uartes.edu.ec\/f-ilia","push-errors":false,"_links":{"self":[{"href":"https:\/\/ilia.uartes.edu.ec\/f-ilia\/wp-json\/wp\/v2\/pages\/66","targetHints":{"allow":["GET"]}}],"collection":[{"href":"https:\/\/ilia.uartes.edu.ec\/f-ilia\/wp-json\/wp\/v2\/pages"}],"about":[{"href":"https:\/\/ilia.uartes.edu.ec\/f-ilia\/wp-json\/wp\/v2\/types\/page"}],"author":[{"embeddable":true,"href":"https:\/\/ilia.uartes.edu.ec\/f-ilia\/wp-json\/wp\/v2\/users\/1"}],"replies":[{"embeddable":true,"href":"https:\/\/ilia.uartes.edu.ec\/f-ilia\/wp-json\/wp\/v2\/comments?post=66"}],"version-history":[{"count":4,"href":"https:\/\/ilia.uartes.edu.ec\/f-ilia\/wp-json\/wp\/v2\/pages\/66\/revisions"}],"predecessor-version":[{"id":3110,"href":"https:\/\/ilia.uartes.edu.ec\/f-ilia\/wp-json\/wp\/v2\/pages\/66\/revisions\/3110"}],"wp:attachment":[{"href":"https:\/\/ilia.uartes.edu.ec\/f-ilia\/wp-json\/wp\/v2\/media?parent=66"}],"curies":[{"name":"wp","href":"https:\/\/api.w.org\/{rel}","templated":true}]}}