{"id":64,"date":"2022-07-29T15:57:40","date_gmt":"2022-07-29T15:57:40","guid":{"rendered":"http:\/\/ilia.uartes.edu.ec\/f-ilia\/acerca-de-f-ilia\/para-autores\/"},"modified":"2026-03-13T10:56:10","modified_gmt":"2026-03-13T15:56:10","slug":"para-autores","status":"publish","type":"page","link":"https:\/\/ilia.uartes.edu.ec\/f-ilia\/para-autores\/","title":{"rendered":"Para Autores"},"content":{"rendered":"\n<p>La Revista F-ILIA es una publicaci\u00f3n acad\u00e9mica de acceso abierto con periodicidad semestral, que edita dos n\u00fameros por a\u00f1o correspondientes al primer y segundo semestre, respectivamente. En cada n\u00famero se publican art\u00edculos y otras contribuciones dedicadas a la investigaci\u00f3n, la reflexi\u00f3n cr\u00edtica y las pr\u00e1cticas en el campo de las artes.<\/p>\n\n\n\n<h3 class=\"wp-block-heading\">1. Env\u00edos<\/h3>\n\n\n\n<p>S\u00f3lo se aceptar\u00e1n los art\u00edculos una vez aprobados los siguientes requisitos:<\/p>\n\n\n\n<ul class=\"wp-block-list\">\n<li>El env\u00edo ha sido realizado al correo: <a href=\"mailto:revista.filia@uartes.edu.ec\">revista.filia@uartes.edu.ec<\/a>.<\/li>\n\n\n\n<li>El env\u00edo no ha sido publicado previamente ni ha sido enviado a dictamen en ninguna otra revista<\/li>\n\n\n\n<li>El art\u00edculo tiene un t\u00edtulo en espa\u00f1ol y en ingl\u00e9s as\u00ed como un resumen en ambos idiomas de no menos de 120 palabras. (Se reciben tambi\u00e9n art\u00edculos en portugu\u00e9s, con t\u00edtulos y resumen en espa\u00f1ol e ingl\u00e9s)<\/li>\n\n\n\n<li>Se ha separado en dos documentos el art\u00edculo y la informaci\u00f3n de autor\/a, para mantener la confidencialidad del proceso de evaluaci\u00f3n.<\/li>\n\n\n\n<li>El art\u00edculo se ha enviado en formato Microsoft Word (doc.\/ docx.)<\/li>\n<\/ul>\n\n\n\n<h3 class=\"wp-block-heading\">2. Normas de publicaci\u00f3n<\/h3>\n\n\n\n<ul class=\"wp-block-list\">\n<li>Todas las publicaciones editadas y publicadas por la Universidad de las Artes del Ecuador utilizan el tama\u00f1o de citaci\u00f3n <a href=\"https:\/\/www.uartes.edu.ec\/descargables\/manual_estilo_chicago_deusto.pdf\">Chicago Deusto<\/a>.<\/li>\n\n\n\n<li>Los art\u00edculos ser\u00e1n recibidos \u00fanicamente en formato Microsoft Word, con 1,5 puntos de interlineado y fuente Times New Roman 12.<\/li>\n\n\n\n<li>El art\u00edculo debe estar compuesto por los siguientes elementos:\n<ul class=\"wp-block-list\">\n<li>T\u00edtulo en espa\u00f1ol<\/li>\n\n\n\n<li>T\u00edtulo en ingl\u00e9s<\/li>\n\n\n\n<li>Resumen en espa\u00f1ol (palabras clave)<\/li>\n\n\n\n<li>Resumen en ingl\u00e9s (palabras clave)<\/li>\n\n\n\n<li>Texto del art\u00edculo<\/li>\n\n\n\n<li>Referencias bibliogr\u00e1ficas<\/li>\n<\/ul>\n<\/li>\n\n\n\n<li>El documento con informaci\u00f3n del autor\/a debe incluir los siguientes elementos:\n<ul class=\"wp-block-list\">\n<li>Nombre del autor<\/li>\n\n\n\n<li>Filiaci\u00f3n Acad\u00e9mica<\/li>\n\n\n\n<li>Breve biograf\u00eda (no m\u00e1s de 200 palabras)<\/li>\n\n\n\n<li>C\u00f3digo <a href=\"https:\/\/orcid.org\/\">ORCID <\/a><\/li>\n\n\n\n<li>Formato de Inicio. Ejemplo: Andr\u00e9s Andrade (Quito, Ecuador, 1982)<\/li>\n<\/ul>\n<\/li>\n\n\n\n<li>En caso de utilizar im\u00e1genes, los derechos de autor deben estar liberados. Las im\u00e1genes se enviar\u00e1n en formato JPG \u2013 PNG (m\u00ednimo 200 ppp) en archivos independientes del texto. El autor debe indicar el lugar de cada imagen en el texto, adem\u00e1s debe hacerse responsable del empleo que se hace de las mismas. Obligatoriamente, cada autor debe indicar cr\u00e9ditos de la fotograf\u00eda (salvo que sea el mismo autor del art\u00edculo, en cuyo caso \u00fanicamente se debe especificar \u201cfotograf\u00eda del autor\/a\u201d).<\/li>\n<\/ul>\n\n\n\n<h3 class=\"wp-block-heading\">3. Derechos de autor<\/h3>\n\n\n\n<p>Revista F-ILIA maneja sus derechos bajo licencia <a href=\"https:\/\/creativecommons.org\/licenses\/by-nc\/4.0\/deed.es\">Creative Commons Reconocimiento-NoComercial 4.0<\/a>. En ese sentido los env\u00edos quedan sujetos a la decisi\u00f3n del autor.<\/p>\n\n\n<div class=\"wp-block-post-views-counter-post-views\"><div class=\"post-views content-post post-64 entry-meta load-static\">\r\n\t\t\t\t<span class=\"post-views-icon dashicons dashicons-chart-bar\"><\/span> <span class=\"post-views-label\">Vistas:<\/span> <span class=\"post-views-count\">21<\/span>\r\n\t\t\t<\/div><\/div>","protected":false},"excerpt":{"rendered":"<p>La Revista F-ILIA es una publicaci\u00f3n acad\u00e9mica de acceso abierto con periodicidad semestral, que edita dos n\u00fameros por a\u00f1o correspondientes al primer y segundo semestre, respectivamente. En cada n\u00famero se publican art\u00edculos y otras contribuciones dedicadas a la investigaci\u00f3n, la reflexi\u00f3n cr\u00edtica y las pr\u00e1cticas en el campo de las artes. 1. Env\u00edos S\u00f3lo se [&hellip;]<\/p>\n","protected":false},"author":1,"featured_media":0,"parent":0,"menu_order":6,"comment_status":"closed","ping_status":"closed","template":"","meta":{"_uag_custom_page_level_css":"","_monsterinsights_skip_tracking":false,"_monsterinsights_sitenote_active":false,"_monsterinsights_sitenote_note":"","_monsterinsights_sitenote_category":0,"cybocfi_hide_featured_image":"","footnotes":""},"class_list":["post-64","page","type-page","status-publish","hentry"],"blocksy_meta":{"styles_descriptor":{"styles":{"desktop":"","tablet":"","mobile":""},"google_fonts":[],"version":6}},"uagb_featured_image_src":{"full":false,"thumbnail":false,"medium":false,"medium_large":false,"large":false,"1536x1536":false,"2048x2048":false,"trp-custom-language-flag":false,"tainacan-small":false,"tainacan-medium":false,"tainacan-medium-full":false,"tainacan-large-full":false},"uagb_author_info":{"display_name":"Universidad de las Artes","author_link":"https:\/\/ilia.uartes.edu.ec\/f-ilia\/author\/dircomadm\/"},"uagb_comment_info":0,"uagb_excerpt":"La Revista F-ILIA es una publicaci\u00f3n acad\u00e9mica de acceso abierto con periodicidad semestral, que edita dos n\u00fameros por a\u00f1o correspondientes al primer y segundo semestre, respectivamente. En cada n\u00famero se publican art\u00edculos y otras contribuciones dedicadas a la investigaci\u00f3n, la reflexi\u00f3n cr\u00edtica y las pr\u00e1cticas en el campo de las artes. 1. Env\u00edos S\u00f3lo se&hellip;","distributor_meta":false,"distributor_terms":false,"distributor_media":false,"distributor_original_site_name":"Revista F-ILIA - Investigaci\u00f3n, Arte y Memoria","distributor_original_site_url":"https:\/\/ilia.uartes.edu.ec\/f-ilia","push-errors":false,"_links":{"self":[{"href":"https:\/\/ilia.uartes.edu.ec\/f-ilia\/wp-json\/wp\/v2\/pages\/64","targetHints":{"allow":["GET"]}}],"collection":[{"href":"https:\/\/ilia.uartes.edu.ec\/f-ilia\/wp-json\/wp\/v2\/pages"}],"about":[{"href":"https:\/\/ilia.uartes.edu.ec\/f-ilia\/wp-json\/wp\/v2\/types\/page"}],"author":[{"embeddable":true,"href":"https:\/\/ilia.uartes.edu.ec\/f-ilia\/wp-json\/wp\/v2\/users\/1"}],"replies":[{"embeddable":true,"href":"https:\/\/ilia.uartes.edu.ec\/f-ilia\/wp-json\/wp\/v2\/comments?post=64"}],"version-history":[{"count":5,"href":"https:\/\/ilia.uartes.edu.ec\/f-ilia\/wp-json\/wp\/v2\/pages\/64\/revisions"}],"predecessor-version":[{"id":5432,"href":"https:\/\/ilia.uartes.edu.ec\/f-ilia\/wp-json\/wp\/v2\/pages\/64\/revisions\/5432"}],"wp:attachment":[{"href":"https:\/\/ilia.uartes.edu.ec\/f-ilia\/wp-json\/wp\/v2\/media?parent=64"}],"curies":[{"name":"wp","href":"https:\/\/api.w.org\/{rel}","templated":true}]}}