{"id":62,"date":"2022-07-29T15:55:17","date_gmt":"2022-07-29T15:55:17","guid":{"rendered":"http:\/\/ilia.uartes.edu.ec\/f-ilia\/acerca-de-f-ilia\/"},"modified":"2026-03-13T10:54:49","modified_gmt":"2026-03-13T15:54:49","slug":"acerca-de-f-ilia","status":"publish","type":"page","link":"https:\/\/ilia.uartes.edu.ec\/f-ilia\/sobre-la-revista\/","title":{"rendered":"Sobre la revista"},"content":{"rendered":"\n<h3 class=\"wp-block-heading\">Tem\u00e1tica y alcance<\/h3>\n\n\n\n<p>La Revista F-ILIA es una publicaci\u00f3n semestral del Instituto Latinoamericano de Investigaci\u00f3n en Artes (ILIA) que pretende ser un dispositivo y un espacio interdisciplinario para la producci\u00f3n de estudios te\u00f3ricos y emp\u00edricos de alta calidad acad\u00e9mica relativa a la investigaci\u00f3n en\/para\/sobre\/a trav\u00e9s de las artes a nivel nacional y regional.<\/p>\n\n\n\n<p>Uno de los mayores objetivos de F-ILIA es incidir desde la investigaci\u00f3n de las artes, en la discusi\u00f3n sobre diversos temas de las artes y las ciencias: metodolog\u00edas, procesos art\u00edsticos, resultados de la investigaci\u00f3n, obras relevantes y pr\u00e1cticas art\u00edsticas, evaluaci\u00f3n en la investigaci\u00f3n en artes, pol\u00edticas culturales, gesti\u00f3n de las artes, espacio p\u00fablico, derechos culturales, entre muchos otros temas.<\/p>\n\n\n\n<p>La revista busca constituirse un espacio abierto a la producci\u00f3n acad\u00e9mica de nuestros docentes-artistas y de docentes de otras universidades del pa\u00eds y la regi\u00f3n que est\u00e9n interesados en desarrollar estudios sobre investigaci\u00f3n de las artes.<\/p>\n\n\n\n<h3 class=\"wp-block-heading\">Frecuencia de publicaci\u00f3n<\/h3>\n\n\n\n<p>Se publica una edici\u00f3n semestral: abril \u2013 octubre.<\/p>\n\n\n\n<p><em>Revista F-ILIA no tiene tasa de publicaci\u00f3n.<\/em><\/p>\n\n\n\n<p><em>Revista F-ILIA no tiene edici\u00f3n impresa.<\/em><\/p>\n\n\n\n<h3 class=\"wp-block-heading\">Tipolog\u00eda de publicaciones<\/h3>\n\n\n\n<p>Las aportaciones en la revista pueden ser:<\/p>\n\n\n\n<ul class=\"wp-block-list\">\n<li><strong><em>Art\u00edculos<\/em>. <\/strong>Se publicar\u00e1n trabajos originales de investigaci\u00f3n en artes y los m\u00faltiples campos relacionados, seg\u00fan las tem\u00e1ticas propuestas en las convocatorias. La extensi\u00f3n de los art\u00edculos no ser\u00e1 menor a las 4000 palabras. Los art\u00edculos de esta secci\u00f3n ser\u00e1n evaluados por pares ciegos. <em>Arbitrada por pares ciegos: S\u00ed.<\/em><\/li>\n\n\n\n<li><strong><em>Texturas<\/em>.<\/strong> Se publicar\u00e1n textos y materiales de diversa \u00edndole: rese\u00f1as, comentarios, bit\u00e1coras de artistas, diarios de campos, etc. La publicaci\u00f3n de este material ser\u00e1 aprobada por el Consejo Editorial de F-ILIA. <em>Arbitrada por pares ciegos: No.<\/em><\/li>\n\n\n\n<li><strong><em>Contrapunteos<\/em>. <\/strong>Se publicar\u00e1n textos cr\u00edticos, v\u00eda invitaci\u00f3n a expertos, seg\u00fan una tem\u00e1tica de coyuntura en el campo de las artes propuesta por el Consejo Editorial de F-ILIA. <em>Arbitrada por pares ciegos: No.<\/em><\/li>\n\n\n\n<li><strong><em>Entrevista<\/em>. <\/strong>Se publicar\u00e1n entrevistas a personalidades del campo art\u00edsticos propuestas por el Consejo Editorial de F-ILIA y relevante para la convocatoria vigente<em>. Arbitrada por pares ciegos: No.<\/em><\/li>\n<\/ul>\n\n\n\n<p>F-ILIA se publica con una licencia de <a href=\"https:\/\/creativecommons.org\/licenses\/by-nc\/4.0\/deed.es\">Creative Commons Reconocimiento-No Comercial-CompartirIgual 4.0 Internacional<\/a>.<\/p>\n\n\n<div class=\"wp-block-post-views-counter-post-views\"><div class=\"post-views content-post post-62 entry-meta load-static\">\r\n\t\t\t\t<span class=\"post-views-icon dashicons dashicons-chart-bar\"><\/span> <span class=\"post-views-label\">Vistas:<\/span> <span class=\"post-views-count\">13<\/span>\r\n\t\t\t<\/div><\/div>","protected":false},"excerpt":{"rendered":"<p>Tem\u00e1tica y alcance La Revista F-ILIA es una publicaci\u00f3n semestral del Instituto Latinoamericano de Investigaci\u00f3n en Artes (ILIA) que pretende ser un dispositivo y un espacio interdisciplinario para la producci\u00f3n de estudios te\u00f3ricos y emp\u00edricos de alta calidad acad\u00e9mica relativa a la investigaci\u00f3n en\/para\/sobre\/a trav\u00e9s de las artes a nivel nacional y regional. Uno de [&hellip;]<\/p>\n","protected":false},"author":1,"featured_media":0,"parent":0,"menu_order":5,"comment_status":"closed","ping_status":"closed","template":"","meta":{"_uag_custom_page_level_css":"","_monsterinsights_skip_tracking":false,"_monsterinsights_sitenote_active":false,"_monsterinsights_sitenote_note":"","_monsterinsights_sitenote_category":0,"cybocfi_hide_featured_image":"","footnotes":""},"class_list":["post-62","page","type-page","status-publish","hentry"],"blocksy_meta":{"styles_descriptor":{"styles":{"desktop":"","tablet":"","mobile":""},"google_fonts":[],"version":6}},"uagb_featured_image_src":{"full":false,"thumbnail":false,"medium":false,"medium_large":false,"large":false,"1536x1536":false,"2048x2048":false,"trp-custom-language-flag":false,"tainacan-small":false,"tainacan-medium":false,"tainacan-medium-full":false,"tainacan-large-full":false},"uagb_author_info":{"display_name":"Universidad de las Artes","author_link":"https:\/\/ilia.uartes.edu.ec\/f-ilia\/author\/dircomadm\/"},"uagb_comment_info":0,"uagb_excerpt":"Tem\u00e1tica y alcance La Revista F-ILIA es una publicaci\u00f3n semestral del Instituto Latinoamericano de Investigaci\u00f3n en Artes (ILIA) que pretende ser un dispositivo y un espacio interdisciplinario para la producci\u00f3n de estudios te\u00f3ricos y emp\u00edricos de alta calidad acad\u00e9mica relativa a la investigaci\u00f3n en\/para\/sobre\/a trav\u00e9s de las artes a nivel nacional y regional. Uno de&hellip;","distributor_meta":false,"distributor_terms":false,"distributor_media":false,"distributor_original_site_name":"Revista F-ILIA - Investigaci\u00f3n, Arte y Memoria","distributor_original_site_url":"https:\/\/ilia.uartes.edu.ec\/f-ilia","push-errors":false,"_links":{"self":[{"href":"https:\/\/ilia.uartes.edu.ec\/f-ilia\/wp-json\/wp\/v2\/pages\/62","targetHints":{"allow":["GET"]}}],"collection":[{"href":"https:\/\/ilia.uartes.edu.ec\/f-ilia\/wp-json\/wp\/v2\/pages"}],"about":[{"href":"https:\/\/ilia.uartes.edu.ec\/f-ilia\/wp-json\/wp\/v2\/types\/page"}],"author":[{"embeddable":true,"href":"https:\/\/ilia.uartes.edu.ec\/f-ilia\/wp-json\/wp\/v2\/users\/1"}],"replies":[{"embeddable":true,"href":"https:\/\/ilia.uartes.edu.ec\/f-ilia\/wp-json\/wp\/v2\/comments?post=62"}],"version-history":[{"count":3,"href":"https:\/\/ilia.uartes.edu.ec\/f-ilia\/wp-json\/wp\/v2\/pages\/62\/revisions"}],"predecessor-version":[{"id":5430,"href":"https:\/\/ilia.uartes.edu.ec\/f-ilia\/wp-json\/wp\/v2\/pages\/62\/revisions\/5430"}],"wp:attachment":[{"href":"https:\/\/ilia.uartes.edu.ec\/f-ilia\/wp-json\/wp\/v2\/media?parent=62"}],"curies":[{"name":"wp","href":"https:\/\/api.w.org\/{rel}","templated":true}]}}