{"id":5191,"date":"2025-12-10T16:46:07","date_gmt":"2025-12-10T21:46:07","guid":{"rendered":"https:\/\/ilia.uartes.edu.ec\/f-ilia\/?page_id=5191"},"modified":"2026-03-12T08:36:10","modified_gmt":"2026-03-12T13:36:10","slug":"no-11-abril-2025","status":"publish","type":"page","link":"https:\/\/ilia.uartes.edu.ec\/f-ilia\/no-11-abril-2025\/","title":{"rendered":"No. 11 \u2013 Abril 2025"},"content":{"rendered":"\n<div class=\"wp-block-columns is-layout-flex wp-container-core-columns-is-layout-2aa49d08 wp-block-columns-is-layout-flex\" style=\"padding-top:var(--wp--preset--spacing--50);padding-right:var(--wp--preset--spacing--50);padding-bottom:var(--wp--preset--spacing--50);padding-left:var(--wp--preset--spacing--50)\">\n<div class=\"wp-block-column is-layout-flow wp-block-column-is-layout-flow\" style=\"flex-basis:30%\">\n<div class=\"wp-block-tainacan-dynamic-items-list\" data-module=\"dynamic-items-list\" data-search-url=\"\" data-selected-items=\"[&quot;4838&quot;,&quot;4838&quot;]\" data-collection-id=\"2252\" data-show-image=\"true\" data-show-name=\"true\" data-show-search-bar=\"false\" data-show-collection-header=\"false\" data-show-collection-label=\"false\" data-image-size=\"large\" data-layout=\"grid\" data-load-strategy=\"selection\" data-mosaic-height=\"280\" data-mosaic-density=\"5\" data-mosaic-grid-rows=\"3\" data-mosaic-grid-columns=\"3\" data-mosaic-item-focal-point-x=\"0.5\" data-mosaic-item-focal-point-y=\"0.5\" data-max-columns-count=\"1\" data-collection-background-color=\"#454647\" data-collection-text-color=\"#ffffff\" data-grid-margin=\"0\" data-max-items-number=\"12\" data-order=\"\" data-order-by=\"date\" data-order-by-meta-key=\"\" data-tainacan-api-root=\"https:\/\/ilia.uartes.edu.ec\/f-ilia\/wp-json\/tainacan\/v2\" id=\"wp-block-tainacan-dynamic-items-list_feec4ea3-429a-43ae-93a5-5d18e2f38573\"><div><\/div><\/div>\n\n\n\n<div class=\"wp-block-buttons alignwide is-content-justification-center is-layout-flex wp-container-core-buttons-is-layout-a89b3969 wp-block-buttons-is-layout-flex\">\n<div class=\"wp-block-button\"><a class=\"wp-block-button__link wp-element-button\" href=\"https:\/\/www.uartes.edu.ec\/sitio\/?wpdmdl=83140\">Descarga el n\u00famero completo<\/a><\/div>\n<\/div>\n<\/div>\n\n\n\n<div class=\"wp-block-column is-layout-flow wp-block-column-is-layout-flow\">\n<h3 class=\"wp-block-heading\">Artes y (neo)extractivismos<\/h3>\n\n\n\n<h4 class=\"wp-block-heading\">Pr\u00f3logo<\/h4>\n\n\n\n<p>Fernando Montenegro<\/p>\n\n\n\n<h4 class=\"wp-block-heading\">Art\u00edculos<\/h4>\n\n\n\n<p><a href=\"https:\/\/ilia.uartes.edu.ec\/f-ilia\/articulos\/cartografia-de-la-manifestacion-cuerpos-protesta-en-el-8m-en-la-ciudad-de-chihuahua-mexico\/\" data-type=\"link\" data-id=\"https:\/\/ilia.uartes.edu.ec\/f-ilia\/articulos\/cartografia-de-la-manifestacion-cuerpos-protesta-en-el-8m-en-la-ciudad-de-chihuahua-mexico\/\">Cartograf\u00eda de la manifestaci\u00f3n: cuerpos-protesta en el 8M en la ciudad de Chihuahua, M\u00e9xico<\/a><br>Sahara C\u00e1rdenas Garc\u00eda<\/p>\n\n\n\n<p><a href=\"https:\/\/ilia.uartes.edu.ec\/f-ilia\/articulos\/los-trabajos-de-edith-morales-y-yohanna-m-roa-entre-el-archivo-y-el-libro-de-artista\/\" data-type=\"tnc_col_137_item\" data-id=\"4853\">Los trabajos de Edith Morales y Yohanna M. Roa, entre el archivo y el libro de artista<\/a><br>Natalia de la Rosa<\/p>\n\n\n\n<p><a href=\"https:\/\/ilia.uartes.edu.ec\/f-ilia\/articulos\/espectro-derivas-arqueologias-de-la-memoria-industrial-a-traves-de-mediaciones-digitales\/\" data-type=\"tnc_col_137_item\" data-id=\"4981\">Espectro Derivas: arqueolog\u00edas de la memoria industrial a trav\u00e9s de mediaciones digitales<\/a><br>Almendra D\u00edaz<\/p>\n\n\n\n<p><a href=\"https:\/\/ilia.uartes.edu.ec\/f-ilia\/articulos\/entre-mundos-relacionales-y-extractivismo-cartografias-artisticas-en-el-salar-de-uyuni-bolivia\/\" data-type=\"tnc_col_137_item\" data-id=\"4937\">Entre mundos relacionales y extractivismo: cartograf\u00edas art\u00edsticas en el Salar de Uyuni, Bolivia<\/a><br>Fabricio Lobat\u00f3n Delgadillo<\/p>\n\n\n\n<p><a href=\"https:\/\/ilia.uartes.edu.ec\/f-ilia\/articulos\/abrir-un-cable-multiplicar-los-hilos-resistencias-y-memorias-del-cobre-frente-al-extractivismo-minero\/\" data-type=\"tnc_col_137_item\" data-id=\"5101\">Abrir un cable, multiplicar los hilos. Resistencias y memorias del cobre frente al extractivismo minero<\/a><br>Marcela Cecilia Mar\u00edn, Emilia Zlauvinen, \u00c1lvaro Juli\u00e1n Guti\u00e9rrez Paredes y Mariana Laura Vargas<\/p>\n\n\n\n<p><a href=\"https:\/\/ilia.uartes.edu.ec\/f-ilia\/articulos\/re-escribir-la-isla-re-habitar-el-transito-autohistorias-de-movilidad-y-resistencias-de-mujeres-afrodescendientes-de-isla-trinitaria-de-guayaquil\/\" data-type=\"tnc_col_137_item\" data-id=\"5050\">Re-escribir la isla, rehabitar el tr\u00e1nsito: autohistorias de movilidad y resistencias de mujeres afrodescendientes de Isla Trinitaria de Guayaquil <\/a><br>Yuliana Ortiz Ruano<\/p>\n<\/div>\n<\/div>\n\n\n\n<div class=\"wp-block-columns is-layout-flex wp-container-core-columns-is-layout-2aa49d08 wp-block-columns-is-layout-flex\" style=\"padding-top:var(--wp--preset--spacing--50);padding-right:var(--wp--preset--spacing--50);padding-bottom:var(--wp--preset--spacing--50);padding-left:var(--wp--preset--spacing--50)\">\n<div class=\"wp-block-column is-layout-flow wp-block-column-is-layout-flow\">\n<h4 class=\"wp-block-heading\">Bit\u00e1coras<\/h4>\n\n\n\n<p><a href=\"https:\/\/ilia.uartes.edu.ec\/f-ilia\/texturas\/un-archivo-de-imagenes-friccionales-infraestructura-ferrea-materialidad-y-extractivismo\/\" data-type=\"tnc_col_1287_item\" data-id=\"5146\">Un archivo de im\u00e1genes friccionales: infraestructura f\u00e9rrea, materialidad y extractivismo<\/a><br>Valeria Montoya<\/p>\n<\/div>\n\n\n\n<div class=\"wp-block-column is-layout-flow wp-block-column-is-layout-flow\">\n<h4 class=\"wp-block-heading\">Contrapunteos<\/h4>\n\n\n\n<p><a href=\"https:\/\/ilia.uartes.edu.ec\/f-ilia\/contrapunteos\/sobre-extractivismo-y-apropiaciones-culturales\/\" data-type=\"tnc_col_1423_item\" data-id=\"5157\">Sobre extractivismo y apropiaciones culturales<\/a><br>Carlos Betancurth, Taj\u00eb\u00ebw D\u00edaz-Robles, Marcelo Quishpe<\/p>\n\n\n\n<h4 class=\"wp-block-heading\">Conversaciones<\/h4>\n\n\n\n<p><a href=\"https:\/\/ilia.uartes.edu.ec\/f-ilia\/entrevistas\/entrevista-al-cineasta-kichwa-eriberto-gualinga\/\" data-type=\"tnc_col_1349_item\" data-id=\"5177\">Entrevista al cineasta kichwa Eriberto Gualinga<\/a><br>Ana Mar\u00eda Crespo<\/p>\n<\/div>\n<\/div>\n","protected":false},"excerpt":{"rendered":"<p>Artes y (neo)extractivismos Pr\u00f3logo Fernando Montenegro Art\u00edculos Cartograf\u00eda de la manifestaci\u00f3n: cuerpos-protesta en el 8M en la ciudad de Chihuahua, M\u00e9xicoSahara C\u00e1rdenas Garc\u00eda Los trabajos de Edith Morales y Yohanna M. Roa, entre el archivo y el libro de artistaNatalia de la Rosa Espectro Derivas: arqueolog\u00edas de la memoria industrial a trav\u00e9s de mediaciones digitalesAlmendra [&hellip;]<\/p>\n","protected":false},"author":1,"featured_media":4836,"parent":0,"menu_order":10,"comment_status":"open","ping_status":"closed","template":"","meta":{"_uag_custom_page_level_css":"","_monsterinsights_skip_tracking":false,"_monsterinsights_sitenote_active":false,"_monsterinsights_sitenote_note":"","_monsterinsights_sitenote_category":0,"cybocfi_hide_featured_image":"","footnotes":""},"class_list":["post-5191","page","type-page","status-publish","has-post-thumbnail","hentry"],"blocksy_meta":[],"uagb_featured_image_src":{"full":["https:\/\/ilia.uartes.edu.ec\/f-ilia\/wp-content\/uploads\/sites\/28\/2025\/12\/portadaFIIA11.jpg",740,1024,false],"thumbnail":["https:\/\/ilia.uartes.edu.ec\/f-ilia\/wp-content\/uploads\/sites\/28\/2025\/12\/portadaFIIA11-150x150.jpg",150,150,true],"medium":["https:\/\/ilia.uartes.edu.ec\/f-ilia\/wp-content\/uploads\/sites\/28\/2025\/12\/portadaFIIA11-217x300.jpg",217,300,true],"medium_large":["https:\/\/ilia.uartes.edu.ec\/f-ilia\/wp-content\/uploads\/sites\/28\/2025\/12\/portadaFIIA11.jpg",740,1024,false],"large":["https:\/\/ilia.uartes.edu.ec\/f-ilia\/wp-content\/uploads\/sites\/28\/2025\/12\/portadaFIIA11.jpg",740,1024,false],"1536x1536":["https:\/\/ilia.uartes.edu.ec\/f-ilia\/wp-content\/uploads\/sites\/28\/2025\/12\/portadaFIIA11.jpg",740,1024,false],"2048x2048":["https:\/\/ilia.uartes.edu.ec\/f-ilia\/wp-content\/uploads\/sites\/28\/2025\/12\/portadaFIIA11.jpg",740,1024,false],"trp-custom-language-flag":["https:\/\/ilia.uartes.edu.ec\/f-ilia\/wp-content\/uploads\/sites\/28\/2025\/12\/portadaFIIA11.jpg",9,12,false],"tainacan-small":["https:\/\/ilia.uartes.edu.ec\/f-ilia\/wp-content\/uploads\/sites\/28\/2025\/12\/portadaFIIA11-40x40.jpg",40,40,true],"tainacan-medium":["https:\/\/ilia.uartes.edu.ec\/f-ilia\/wp-content\/uploads\/sites\/28\/2025\/12\/portadaFIIA11-275x275.jpg",275,275,true],"tainacan-medium-full":["https:\/\/ilia.uartes.edu.ec\/f-ilia\/wp-content\/uploads\/sites\/28\/2025\/12\/portadaFIIA11-205x284.jpg",205,284,true],"tainacan-large-full":["https:\/\/ilia.uartes.edu.ec\/f-ilia\/wp-content\/uploads\/sites\/28\/2025\/12\/portadaFIIA11-480x664.jpg",480,664,true]},"uagb_author_info":{"display_name":"Universidad de las Artes","author_link":"https:\/\/ilia.uartes.edu.ec\/f-ilia\/author\/dircomadm\/"},"uagb_comment_info":0,"uagb_excerpt":"Artes y (neo)extractivismos Pr\u00f3logo Fernando Montenegro Art\u00edculos Cartograf\u00eda de la manifestaci\u00f3n: cuerpos-protesta en el 8M en la ciudad de Chihuahua, M\u00e9xicoSahara C\u00e1rdenas Garc\u00eda Los trabajos de Edith Morales y Yohanna M. Roa, entre el archivo y el libro de artistaNatalia de la Rosa Espectro Derivas: arqueolog\u00edas de la memoria industrial a trav\u00e9s de mediaciones digitalesAlmendra&hellip;","distributor_meta":false,"distributor_terms":false,"distributor_media":false,"distributor_original_site_name":"Revista F-ILIA - Investigaci\u00f3n, Arte y Memoria","distributor_original_site_url":"https:\/\/ilia.uartes.edu.ec\/f-ilia","push-errors":false,"_links":{"self":[{"href":"https:\/\/ilia.uartes.edu.ec\/f-ilia\/wp-json\/wp\/v2\/pages\/5191","targetHints":{"allow":["GET"]}}],"collection":[{"href":"https:\/\/ilia.uartes.edu.ec\/f-ilia\/wp-json\/wp\/v2\/pages"}],"about":[{"href":"https:\/\/ilia.uartes.edu.ec\/f-ilia\/wp-json\/wp\/v2\/types\/page"}],"author":[{"embeddable":true,"href":"https:\/\/ilia.uartes.edu.ec\/f-ilia\/wp-json\/wp\/v2\/users\/1"}],"replies":[{"embeddable":true,"href":"https:\/\/ilia.uartes.edu.ec\/f-ilia\/wp-json\/wp\/v2\/comments?post=5191"}],"version-history":[{"count":4,"href":"https:\/\/ilia.uartes.edu.ec\/f-ilia\/wp-json\/wp\/v2\/pages\/5191\/revisions"}],"predecessor-version":[{"id":5439,"href":"https:\/\/ilia.uartes.edu.ec\/f-ilia\/wp-json\/wp\/v2\/pages\/5191\/revisions\/5439"}],"wp:featuredmedia":[{"embeddable":true,"href":"https:\/\/ilia.uartes.edu.ec\/f-ilia\/wp-json\/wp\/v2\/media\/4836"}],"wp:attachment":[{"href":"https:\/\/ilia.uartes.edu.ec\/f-ilia\/wp-json\/wp\/v2\/media?parent=5191"}],"curies":[{"name":"wp","href":"https:\/\/api.w.org\/{rel}","templated":true}]}}