{"id":4737,"date":"2025-03-27T11:10:30","date_gmt":"2025-03-27T16:10:30","guid":{"rendered":"https:\/\/ilia.uartes.edu.ec\/f-ilia\/no-9-abril-2024-2\/"},"modified":"2026-03-12T08:23:31","modified_gmt":"2026-03-12T13:23:31","slug":"no-9-abril-2024-2","status":"publish","type":"page","link":"https:\/\/ilia.uartes.edu.ec\/f-ilia\/no-10-octubre-2024\/","title":{"rendered":"No. 10 \u2013 Octubre 2024"},"content":{"rendered":"\n<div class=\"wp-block-columns is-layout-flex wp-container-core-columns-is-layout-2aa49d08 wp-block-columns-is-layout-flex\" style=\"padding-top:var(--wp--preset--spacing--50);padding-right:var(--wp--preset--spacing--50);padding-bottom:var(--wp--preset--spacing--50);padding-left:var(--wp--preset--spacing--50)\">\n<div class=\"wp-block-column is-layout-flow wp-block-column-is-layout-flow\" style=\"flex-basis:30%\">\n<div class=\"wp-block-tainacan-dynamic-items-list\" data-module=\"dynamic-items-list\" data-search-url=\"\" data-selected-items=\"[&quot;4293&quot;,&quot;4293&quot;]\" data-collection-id=\"2252\" data-show-image=\"true\" data-show-name=\"true\" data-show-search-bar=\"false\" data-show-collection-header=\"false\" data-show-collection-label=\"false\" data-image-size=\"large\" data-layout=\"grid\" data-load-strategy=\"selection\" data-mosaic-height=\"280\" data-mosaic-density=\"5\" data-mosaic-grid-rows=\"3\" data-mosaic-grid-columns=\"3\" data-mosaic-item-focal-point-x=\"0.5\" data-mosaic-item-focal-point-y=\"0.5\" data-max-columns-count=\"1\" data-collection-background-color=\"#454647\" data-collection-text-color=\"#ffffff\" data-grid-margin=\"0\" data-max-items-number=\"12\" data-order=\"\" data-order-by=\"date\" data-order-by-meta-key=\"\" data-tainacan-api-root=\"https:\/\/ilia.uartes.edu.ec\/f-ilia\/wp-json\/tainacan\/v2\" id=\"wp-block-tainacan-dynamic-items-list_65e71365-de42-47c7-99f1-4c427aed2971\"><div><\/div><\/div>\n\n\n\n<div class=\"wp-block-buttons is-content-justification-center is-layout-flex wp-container-core-buttons-is-layout-a89b3969 wp-block-buttons-is-layout-flex\">\n<div class=\"wp-block-button\"><a class=\"wp-block-button__link wp-element-button\" href=\"https:\/\/www.uartes.edu.ec\/sitio\/?wpdmdl=69905\">Descarga el n\u00famero completo<\/a><\/div>\n<\/div>\n<\/div>\n\n\n\n<div class=\"wp-block-column is-layout-flow wp-block-column-is-layout-flow\">\n<h3 class=\"wp-block-heading\">Investigaci\u00f3n en artes: un asunto interdisciplinar<\/h3>\n\n\n\n<h4 class=\"wp-block-heading\">Pr\u00f3logo<\/h4>\n\n\n\n<p>Fernando Montenegro<\/p>\n\n\n\n<h4 class=\"wp-block-heading\">Art\u00edculos<\/h4>\n\n\n\n<p><a href=\"https:\/\/ilia.uartes.edu.ec\/f-ilia\/articulos\/libro-de-procesos-pictoricos-una-investigacion-pictorica-sobre-y-desde-el-cuerpo\/\">Libro de procesos pict\u00f3ricos: una investigaci\u00f3n pict\u00f3rica sobre y desde el cuerpo<\/a><br>Natalia Alarc\u00f3n Pino<\/p>\n\n\n\n<p><a href=\"https:\/\/ilia.uartes.edu.ec\/f-ilia\/articulos\/como-voy-a-escribir-una-tesina-si-soy-de-artes-visuales-investigacion-y-registro-del-proceso-poetico-en-el-profesorado-superior-docente\/\">\u00bfC\u00f3mo voy a escribir una tesina si soy de Artes Visuales? Investigaci\u00f3n y registro del proceso po\u00e9tico en el profesorado superior docente<\/a><br>Andrea Brunotti y Soledad Ros Puga<\/p>\n\n\n\n<p><a href=\"https:\/\/ilia.uartes.edu.ec\/f-ilia\/articulos\/estetica-liberadora-murales-agua-y-paramo-en-san-francisco-de-cruz-loma\/\">Est\u00e9tica liberadora. Murales: Agua y P\u00e1ramo en San Francisco de Cruz Loma<\/a><br>Mar\u00eda Fernanda Cartagena<\/p>\n\n\n\n<p><a href=\"https:\/\/ilia.uartes.edu.ec\/f-ilia\/articulos\/dejar-de-ser-fantasma-persiguiendo-la-identidad-de-la-investigacion-y-el-conocimiento-en-las-practicas-artisticas-y-pedagogicas\/\">Dejar de ser fantasma. Persiguiendo la identidad de la investigaci\u00f3n y el conocimiento en las pr\u00e1cticas art\u00edsticas y pedag\u00f3gicas<\/a><br>Juliana Escobar Cu\u00e9llar y Nathalie Pe\u00f1a<\/p>\n\n\n\n<p><a href=\"https:\/\/ilia.uartes.edu.ec\/f-ilia\/articulos\/un-proyecto-de-investigacion-en-las-artes-vinculado-a-la-nocion-de-paz\/\">Un proyecto de investigaci\u00f3n en las artes vinculado a la noci\u00f3n de paz<\/a><br>Futuro Moncada<\/p>\n\n\n\n<p><a href=\"https:\/\/ilia.uartes.edu.ec\/f-ilia\/articulos\/la-interculturalidad-como-practica-pedagogica-en-la-educacion-artistica-superior-dentro-de-un-contexto-fronterizo\/\">La interculturalidad como pr\u00e1ctica pedag\u00f3gica en la educaci\u00f3n art\u00edstica superior dentro de un contexto fronterizo<\/a><br>Jhosell Rosell<\/p>\n\n\n\n<p><a href=\"https:\/\/ilia.uartes.edu.ec\/f-ilia\/articulos\/pensamiento-manglar-compost-tropical\/\">Pensamiento manglar: compost tropical<\/a><br>Roc\u00edo Soria<\/p>\n<\/div>\n<\/div>\n\n\n\n<div class=\"wp-block-columns is-layout-flex wp-container-core-columns-is-layout-2aa49d08 wp-block-columns-is-layout-flex\" style=\"padding-top:var(--wp--preset--spacing--50);padding-right:var(--wp--preset--spacing--50);padding-bottom:var(--wp--preset--spacing--50);padding-left:var(--wp--preset--spacing--50)\">\n<div class=\"wp-block-column is-layout-flow wp-block-column-is-layout-flow\">\n<h4 class=\"wp-block-heading\">Texturas<\/h4>\n\n\n\n<p><a href=\"https:\/\/ilia.uartes.edu.ec\/f-ilia\/texturas\/interaccion-con-el-territorio-de-ciudad-bolivar-otras-formas-de-hacer-hiphop\/\">Interacci\u00f3n con el territorio de Ciudad Bol\u00edvar: otras formas de hacer hiphop<\/a><br>Fernando Arias Taka<\/p>\n\n\n\n<p><a href=\"https:\/\/ilia.uartes.edu.ec\/f-ilia\/texturas\/paraiso-4-0-un-montaje-interdisciplinario-con-rumbo-al-analisis-de-los-fenomenos-complejos-parte-i-coreografia-quimica\/\">Para\u00edso 4.0, un montaje interdisciplinario con rumbo al an\u00e1lisis de los fen\u00f3menos complejos (parte I: coreograf\u00eda-qu\u00edmica)<\/a><br>Brenda \u00c1valos<\/p>\n\n\n\n<p><a href=\"https:\/\/ilia.uartes.edu.ec\/f-ilia\/texturas\/tiempo-subjetivo\/\">Tiempo subjetivo<\/a><br>Marcela Cadena<\/p>\n\n\n\n<p><a href=\"https:\/\/ilia.uartes.edu.ec\/f-ilia\/texturas\/memorias-del-encuentro-de-investigacion-en-artes-guayaquil-2024\/\">Memorias del Encuentro de Investigaci\u00f3n en Artes (Guayaquil, 2024)<\/a><br>Varios autores<\/p>\n\n\n\n<p><a href=\"https:\/\/ilia.uartes.edu.ec\/f-ilia\/texturas\/la-migracion-del-conocimiento-a-traves-del-sonido-construyendo-puentes-entre-la-tradicion-oral-y-la-academia-en-la-educacion-musical\/\">La migraci\u00f3n del conocimiento a trav\u00e9s del sonido: construyendo puentes entre la tradici\u00f3n oral y la academia en la educaci\u00f3n musical<\/a><br>Wilson Tovar<\/p>\n<\/div>\n\n\n\n<div class=\"wp-block-column is-layout-flow wp-block-column-is-layout-flow\">\n<h4 class=\"wp-block-heading\">Contrapunteos<\/h4>\n\n\n\n<p><a href=\"https:\/\/ilia.uartes.edu.ec\/f-ilia\/contrapunteos\/ambientalismo-ecologia-y-las-artes-dialogos-y-tensiones-emergentes\/\">Ambientalismo, ecolog\u00eda y las artes: di\u00e1logos y tensiones emergentes<\/a><br>Antonella Calle, Alejandra Zambrano, Luis Felipe Lomel\u00ed<\/p>\n\n\n\n<h4 class=\"wp-block-heading\">Entrevistas<\/h4>\n\n\n\n<p><a href=\"https:\/\/ilia.uartes.edu.ec\/f-ilia\/contrapunteos\/entrevista-a-narda-alvarado\/\">Entrevista a Narda Alvarado<\/a><br>Fernado Montenego y Miguel Aill\u00f3n<\/p>\n<\/div>\n<\/div>\n\n\n\n<p><\/p>\n","protected":false},"excerpt":{"rendered":"<p>Llegado el quinto a\u00f1o de nuestra publicaci\u00f3n, hemos encontrado la necesidad de (re)preguntar e insistir sobre el estado de nuestro campo en la regi\u00f3n. <\/p>\n","protected":false},"author":1,"featured_media":4284,"parent":0,"menu_order":9,"comment_status":"open","ping_status":"closed","template":"","meta":{"_uag_custom_page_level_css":"","_monsterinsights_skip_tracking":false,"_monsterinsights_sitenote_active":false,"_monsterinsights_sitenote_note":"","_monsterinsights_sitenote_category":0,"cybocfi_hide_featured_image":"","footnotes":""},"class_list":["post-4737","page","type-page","status-publish","has-post-thumbnail","hentry"],"blocksy_meta":[],"uagb_featured_image_src":{"full":["https:\/\/ilia.uartes.edu.ec\/f-ilia\/wp-content\/uploads\/sites\/28\/2025\/03\/Completa-10-F-ILIA-17-de-marzo-de-2025-WEB-1.jpg",1280,1771,false],"thumbnail":["https:\/\/ilia.uartes.edu.ec\/f-ilia\/wp-content\/uploads\/sites\/28\/2025\/03\/Completa-10-F-ILIA-17-de-marzo-de-2025-WEB-1-150x150.jpg",150,150,true],"medium":["https:\/\/ilia.uartes.edu.ec\/f-ilia\/wp-content\/uploads\/sites\/28\/2025\/03\/Completa-10-F-ILIA-17-de-marzo-de-2025-WEB-1-217x300.jpg",217,300,true],"medium_large":["https:\/\/ilia.uartes.edu.ec\/f-ilia\/wp-content\/uploads\/sites\/28\/2025\/03\/Completa-10-F-ILIA-17-de-marzo-de-2025-WEB-1-768x1063.jpg",768,1063,true],"large":["https:\/\/ilia.uartes.edu.ec\/f-ilia\/wp-content\/uploads\/sites\/28\/2025\/03\/Completa-10-F-ILIA-17-de-marzo-de-2025-WEB-1-740x1024.jpg",740,1024,true],"1536x1536":["https:\/\/ilia.uartes.edu.ec\/f-ilia\/wp-content\/uploads\/sites\/28\/2025\/03\/Completa-10-F-ILIA-17-de-marzo-de-2025-WEB-1-1110x1536.jpg",1110,1536,true],"2048x2048":["https:\/\/ilia.uartes.edu.ec\/f-ilia\/wp-content\/uploads\/sites\/28\/2025\/03\/Completa-10-F-ILIA-17-de-marzo-de-2025-WEB-1.jpg",1280,1771,false],"trp-custom-language-flag":["https:\/\/ilia.uartes.edu.ec\/f-ilia\/wp-content\/uploads\/sites\/28\/2025\/03\/Completa-10-F-ILIA-17-de-marzo-de-2025-WEB-1.jpg",9,12,false],"tainacan-small":["https:\/\/ilia.uartes.edu.ec\/f-ilia\/wp-content\/uploads\/sites\/28\/2025\/03\/Completa-10-F-ILIA-17-de-marzo-de-2025-WEB-1-40x40.jpg",40,40,true],"tainacan-medium":["https:\/\/ilia.uartes.edu.ec\/f-ilia\/wp-content\/uploads\/sites\/28\/2025\/03\/Completa-10-F-ILIA-17-de-marzo-de-2025-WEB-1-275x275.jpg",275,275,true],"tainacan-medium-full":["https:\/\/ilia.uartes.edu.ec\/f-ilia\/wp-content\/uploads\/sites\/28\/2025\/03\/Completa-10-F-ILIA-17-de-marzo-de-2025-WEB-1-205x284.jpg",205,284,true],"tainacan-large-full":["https:\/\/ilia.uartes.edu.ec\/f-ilia\/wp-content\/uploads\/sites\/28\/2025\/03\/Completa-10-F-ILIA-17-de-marzo-de-2025-WEB-1-480x664.jpg",480,664,true]},"uagb_author_info":{"display_name":"Universidad de las Artes","author_link":"https:\/\/ilia.uartes.edu.ec\/f-ilia\/author\/dircomadm\/"},"uagb_comment_info":0,"uagb_excerpt":"Llegado el quinto a\u00f1o de nuestra publicaci\u00f3n, hemos encontrado la necesidad de (re)preguntar e insistir sobre el estado de nuestro campo en la regi\u00f3n.","distributor_meta":false,"distributor_terms":false,"distributor_media":false,"distributor_original_site_name":"Revista F-ILIA - Investigaci\u00f3n, Arte y Memoria","distributor_original_site_url":"https:\/\/ilia.uartes.edu.ec\/f-ilia","push-errors":false,"_links":{"self":[{"href":"https:\/\/ilia.uartes.edu.ec\/f-ilia\/wp-json\/wp\/v2\/pages\/4737","targetHints":{"allow":["GET"]}}],"collection":[{"href":"https:\/\/ilia.uartes.edu.ec\/f-ilia\/wp-json\/wp\/v2\/pages"}],"about":[{"href":"https:\/\/ilia.uartes.edu.ec\/f-ilia\/wp-json\/wp\/v2\/types\/page"}],"author":[{"embeddable":true,"href":"https:\/\/ilia.uartes.edu.ec\/f-ilia\/wp-json\/wp\/v2\/users\/1"}],"replies":[{"embeddable":true,"href":"https:\/\/ilia.uartes.edu.ec\/f-ilia\/wp-json\/wp\/v2\/comments?post=4737"}],"version-history":[{"count":9,"href":"https:\/\/ilia.uartes.edu.ec\/f-ilia\/wp-json\/wp\/v2\/pages\/4737\/revisions"}],"predecessor-version":[{"id":5438,"href":"https:\/\/ilia.uartes.edu.ec\/f-ilia\/wp-json\/wp\/v2\/pages\/4737\/revisions\/5438"}],"wp:featuredmedia":[{"embeddable":true,"href":"https:\/\/ilia.uartes.edu.ec\/f-ilia\/wp-json\/wp\/v2\/media\/4284"}],"wp:attachment":[{"href":"https:\/\/ilia.uartes.edu.ec\/f-ilia\/wp-json\/wp\/v2\/media?parent=4737"}],"curies":[{"name":"wp","href":"https:\/\/api.w.org\/{rel}","templated":true}]}}