{"id":2554,"date":"2022-07-29T15:57:41","date_gmt":"2023-09-19T17:44:54","guid":{"rendered":"https:\/\/ilia.uartes.edu.ec\/f-ilia\/?page_id=2554"},"modified":"2026-03-13T11:00:15","modified_gmt":"2026-03-13T16:00:15","slug":"inicio-2-2","status":"publish","type":"page","link":"https:\/\/ilia.uartes.edu.ec\/f-ilia\/inicio-2-2\/","title":{"rendered":"No. 7 \u2013 Abril 2023"},"content":{"rendered":"\n<div class=\"wp-block-columns is-layout-flex wp-container-core-columns-is-layout-2aa49d08 wp-block-columns-is-layout-flex\" style=\"padding-top:var(--wp--preset--spacing--50);padding-right:var(--wp--preset--spacing--50);padding-bottom:var(--wp--preset--spacing--50);padding-left:var(--wp--preset--spacing--50)\">\n<div class=\"wp-block-column is-layout-flow wp-block-column-is-layout-flow\" style=\"flex-basis:30%\">\n<div class=\"wp-block-tainacan-dynamic-items-list\" data-module=\"dynamic-items-list\" data-search-url=\"\" data-selected-items=\"[&quot;2779&quot;,&quot;2779&quot;]\" data-collection-id=\"2252\" data-show-image=\"true\" data-show-name=\"true\" data-show-search-bar=\"false\" data-show-collection-header=\"false\" data-show-collection-label=\"false\" data-image-size=\"large\" data-layout=\"grid\" data-load-strategy=\"selection\" data-mosaic-height=\"280\" data-mosaic-density=\"5\" data-mosaic-grid-rows=\"3\" data-mosaic-grid-columns=\"3\" data-mosaic-item-focal-point-x=\"0.5\" data-mosaic-item-focal-point-y=\"0.5\" data-max-columns-count=\"1\" data-collection-background-color=\"#454647\" data-collection-text-color=\"#ffffff\" data-grid-margin=\"0\" data-max-items-number=\"12\" data-order=\"\" data-order-by=\"date\" data-order-by-meta-key=\"\" data-tainacan-api-root=\"https:\/\/ilia.uartes.edu.ec\/f-ilia\/wp-json\/tainacan\/v2\" id=\"wp-block-tainacan-dynamic-items-list_e132857f-a731-4741-bf94-333ecad35923\"><div><\/div><\/div>\n\n\n\n<div class=\"wp-block-buttons alignwide is-content-justification-center is-layout-flex wp-container-core-buttons-is-layout-a89b3969 wp-block-buttons-is-layout-flex\">\n<div class=\"wp-block-button\"><a class=\"wp-block-button__link wp-element-button\" href=\"https:\/\/www.uartes.edu.ec\/sitio\/?wpdmdl=46939\">Descarga el n\u00famero completo<\/a><\/div>\n<\/div>\n<\/div>\n\n\n\n<div class=\"wp-block-column is-layout-flow wp-block-column-is-layout-flow\">\n<h3 class=\"wp-block-heading\">Las artes y el problema de la interdisciplinariedad: estado de la cuesti\u00f3n, actualizaci\u00f3n del debate<\/h3>\n\n\n\n<h4 class=\"wp-block-heading\">Art\u00edculos<\/h4>\n\n\n\n<p><a href=\"https:\/\/ilia.uartes.edu.ec\/f-ilia\/articulos\/arte-y-pandemia-especificidades-en-la-pintura-para-repensar-la-entropia\/\">Arte y pandemia: especificidades en la pintura para (re)pensar la entrop\u00eda<\/a><br>Ra\u00fal Armando Amor\u00f3s Hormaz\u00e1bal<\/p>\n\n\n\n<p><a href=\"https:\/\/ilia.uartes.edu.ec\/f-ilia\/articulos\/estetica-historia-y-epistemologia-critica-apuntes-sobre-lecturas-y-estrategias-del-saber-democratico-durante-la-crisis-mundial\/\">Est\u00e9tica, historia y epistemolog\u00eda cr\u00edtica: apuntes sobre lecturas y estrategias del saber democr\u00e1tico durante la crisis mundial<\/a><br>Valeria Coronel<\/p>\n\n\n\n<p><a href=\"https:\/\/ilia.uartes.edu.ec\/f-ilia\/articulos\/el-testimonio-figura-interdisciplinaria-y-dinamizador-de-denuncia-social-en-sitiadas\/\">El testimonio: figura interdisciplinaria y dinamizador de denuncia social en Sitiadas<\/a><br>Daniel Galeas Sarzosa<\/p>\n\n\n\n<p><a href=\"https:\/\/ilia.uartes.edu.ec\/f-ilia\/articulos\/el-lugar-de-la-literatura-en-la-educacion-artistica-una-propuesta-para-la-formacion-de-sujetos-esteticos-y-multiculturales\/\">El lugar de la literatura en la educaci\u00f3n art\u00edstica: una propuesta para la formaci\u00f3n de sujetos est\u00e9ticos e interculturales<\/a><br>Andrea Milena Gallo Lozano<\/p>\n\n\n\n<p><a href=\"https:\/\/ilia.uartes.edu.ec\/f-ilia\/articulos\/investigacion-arte-y-experiencia-construccion-de-un-ecro\/\">Investigaci\u00f3n, arte y experiencia Construcci\u00f3n de un ECRO<\/a><br>Julio Rusl\u00e1n Torres Leyva<\/p>\n\n\n\n<p><a href=\"https:\/\/ilia.uartes.edu.ec\/f-ilia\/articulos\/contribuciones-para-una-sociologia-de-la-ceramica-contemporanea-en-ecuador\/\">Contribuciones para una sociolog\u00eda de la cer\u00e1mica contempor\u00e1nea en Ecuador<\/a><br>Elisa Ullauri Llore<\/p>\n<\/div>\n<\/div>\n\n\n\n<div class=\"wp-block-columns is-layout-flex wp-container-core-columns-is-layout-2aa49d08 wp-block-columns-is-layout-flex\" style=\"padding-top:var(--wp--preset--spacing--50);padding-right:var(--wp--preset--spacing--50);padding-bottom:var(--wp--preset--spacing--50);padding-left:var(--wp--preset--spacing--50)\">\n<div class=\"wp-block-column is-layout-flow wp-block-column-is-layout-flow\">\n<h4 class=\"wp-block-heading\">Texturas<\/h4>\n\n\n\n<p><a href=\"https:\/\/ilia.uartes.edu.ec\/f-ilia\/texturas\/la-crisis-o-la-noche-oscura-del-alma-el-cortocircuito-necesario-para-redescubrir-el-camino-a-casa\/\">La crisis, o la noche oscura del alma [El cortocircuito necesario para redescubrir el camino a casa]<\/a><br>Gabriel Erazo Navas<\/p>\n\n\n\n<p><a href=\"https:\/\/ilia.uartes.edu.ec\/f-ilia\/texturas\/metamorfosis-y-estudios-interdisciplinarios\/\">Metamorfosis y estudios interdisciplinarios<\/a><br>Luis Felipe G\u00f3mez Lomel\u00ed<\/p>\n\n\n\n<p><a href=\"https:\/\/ilia.uartes.edu.ec\/f-ilia\/texturas\/tomar-y-tomarse-una-foto-en-los-tiempos-de-las-redes-sociales\/\">Tomar y tomarse una foto en los tiempos de las redes sociales<\/a><br>Santiago Molina<\/p>\n\n\n\n<p><a href=\"https:\/\/ilia.uartes.edu.ec\/f-ilia\/texturas\/la-imagen-viral-y-lo-comico-como-materia-para-el-arte\/\">La imagen viral y lo c\u00f3mico como materia para el arte<\/a><br>Alejandro Ch. Mosquera<\/p>\n\n\n\n<p><a href=\"https:\/\/ilia.uartes.edu.ec\/f-ilia\/texturas\/tar-todd-field-2022\/\">T\u00e1r (Todd Field 2022)<\/a><br>Ileana Rodr\u00edguez<\/p>\n\n\n\n<p><a href=\"https:\/\/ilia.uartes.edu.ec\/f-ilia\/texturas\/el-elenco-de-mis-suenos-para-volver-a-matate-amor-a-proposito-de-la-futura-pelicula\/\">El elenco de mis sue\u00f1os para volver a M\u00e1tate, amor (a prop\u00f3sito de la futura pel\u00edcula)<\/a><br>Juan Felipe Paredes<\/p>\n\n\n\n<p><a href=\"https:\/\/ilia.uartes.edu.ec\/f-ilia\/texturas\/insemimartis-exposicion-individual-de-pamela-pazmino-vernaza-curaduria-odalis-falcon\/\">Insemimartis: Exposici\u00f3n individual de Pamela Pazmi\u00f1o Vernaza (curadur\u00eda: Odalis Falc\u00f3n)<\/a><br>Pamela Pazmi\u00f1o Vernaza<\/p>\n\n\n\n<p><a href=\"https:\/\/ilia.uartes.edu.ec\/f-ilia\/texturas\/la-novela-posmoderna-perfecta-o-un-pisapapeles-de-colores-muy-bien-vendido-infinite-jest-de-david-foster-wallace\/\">La novela posmoderna perfecta o un pisapapeles de colores muy bien vendido: Infinite Jest, de David Foster Wallace<\/a><br>Lenin Luis Ponce Uzhca<\/p>\n\n\n\n<p><a href=\"https:\/\/ilia.uartes.edu.ec\/f-ilia\/texturas\/memorias-en-roca-y-relaciones-interespecies\/\">Memorias en roca y relaciones interespecies<\/a><br>Paul Rosero Contreras<\/p>\n\n\n\n<p><a href=\"https:\/\/ilia.uartes.edu.ec\/f-ilia\/texturas\/el-proceso-de-realizacion-del-film-doroboro\/\">El proceso de realizaci\u00f3n del film Doroboro<\/a><br>Manolo Sarmiento<\/p>\n<\/div>\n\n\n\n<div class=\"wp-block-column is-layout-flow wp-block-column-is-layout-flow\">\n<h4 class=\"wp-block-heading\">Contrapunteos<\/h4>\n\n\n\n<p><a href=\"https:\/\/ilia.uartes.edu.ec\/f-ilia\/contrapunteos\/que-sera-de-la-originalidad-una-discusion-en-torno-a-la-inteligencia-artificial-en-el-campo-de-las-artes\/\">\u00bfQu\u00e9 ser\u00e1 de la originalidad? Una discusi\u00f3n en torno a la inteligencia artificial en el campo de las artes<\/a><br>Agust\u00edn Gargells Su\u00e1rez | Julio Garc\u00eda | Renzo Christian Filinich<\/p>\n\n\n\n<h4 class=\"wp-block-heading\">Entrevistas<\/h4>\n\n\n\n<p><a href=\"https:\/\/ilia.uartes.edu.ec\/f-ilia\/entrevistas\/dialogos-interdisciplinarios-las-artes-y-las-ciencias-sociales-entrevista-a-monica-lacarrieu-luciana-delfabro-y-hernan-ulm\/\">Di\u00e1logos interdisciplinarios: las artes y las ciencias sociales<br>Entrevista a M\u00f3nica Lacarrieu, Luciana Delfabro y Hern\u00e1n Ulm<\/a><\/p>\n\n\n\n<p><a href=\"https:\/\/ilia.uartes.edu.ec\/f-ilia\/entrevistas\/el-arte-y-la-educacion-en-torno-a-una-educacion-cubista-entrevista-a-ana-mae-barbosa\/\">El arte y la educaci\u00f3n: en torno a una educaci\u00f3n cubista. Entrevista a Ana Mae Barbosa<\/a><\/p>\n\n\n\n<p><a href=\"https:\/\/ilia.uartes.edu.ec\/f-ilia\/entrevistas\/entrevista-a-graciela-speranza\/\">Entrevista a Graciela Speranza<\/a><br>Fernando Montenegro<\/p>\n<\/div>\n<\/div>\n\n\n<div class=\"wp-block-post-views-counter-post-views\"><div class=\"post-views content-post post-2554 entry-meta load-static\">\r\n\t\t\t\t<span class=\"post-views-icon dashicons dashicons-chart-bar\"><\/span> <span class=\"post-views-label\">Vistas:<\/span> <span class=\"post-views-count\">12<\/span>\r\n\t\t\t<\/div><\/div>","protected":false},"excerpt":{"rendered":"<p>Este n\u00famero de F-ILIA contiene una serie de reflexiones y aplicaciones relativas al problema de la interdisciplina. Surge, en buena medida, del seminario permanente ofrecido por el Instituto Latinoamericano de Investigaci\u00f3n en Artes (ILIA), llamado precisamente Interdisciplina y que tuvo lugar en Guayaquil durante el a\u00f1o 2022.<\/p>\n","protected":false},"author":1,"featured_media":2575,"parent":0,"menu_order":6,"comment_status":"open","ping_status":"closed","template":"","meta":{"_uag_custom_page_level_css":"","_monsterinsights_skip_tracking":false,"_monsterinsights_sitenote_active":false,"_monsterinsights_sitenote_note":"","_monsterinsights_sitenote_category":0,"cybocfi_hide_featured_image":"","footnotes":""},"class_list":["post-2554","page","type-page","status-publish","has-post-thumbnail","hentry"],"blocksy_meta":{"styles_descriptor":{"styles":{"desktop":"","tablet":"","mobile":""},"google_fonts":[],"version":6}},"uagb_featured_image_src":{"full":["https:\/\/ilia.uartes.edu.ec\/f-ilia\/wp-content\/uploads\/sites\/28\/2023\/09\/PORTADA_F-ILIA-7-1.jpg",1280,1780,false],"thumbnail":["https:\/\/ilia.uartes.edu.ec\/f-ilia\/wp-content\/uploads\/sites\/28\/2023\/09\/PORTADA_F-ILIA-7-1-150x150.jpg",150,150,true],"medium":["https:\/\/ilia.uartes.edu.ec\/f-ilia\/wp-content\/uploads\/sites\/28\/2023\/09\/PORTADA_F-ILIA-7-1-216x300.jpg",216,300,true],"medium_large":["https:\/\/ilia.uartes.edu.ec\/f-ilia\/wp-content\/uploads\/sites\/28\/2023\/09\/PORTADA_F-ILIA-7-1-768x1068.jpg",768,1068,true],"large":["https:\/\/ilia.uartes.edu.ec\/f-ilia\/wp-content\/uploads\/sites\/28\/2023\/09\/PORTADA_F-ILIA-7-1-736x1024.jpg",736,1024,true],"1536x1536":["https:\/\/ilia.uartes.edu.ec\/f-ilia\/wp-content\/uploads\/sites\/28\/2023\/09\/PORTADA_F-ILIA-7-1-1105x1536.jpg",1105,1536,true],"2048x2048":["https:\/\/ilia.uartes.edu.ec\/f-ilia\/wp-content\/uploads\/sites\/28\/2023\/09\/PORTADA_F-ILIA-7-1.jpg",1280,1780,false],"trp-custom-language-flag":["https:\/\/ilia.uartes.edu.ec\/f-ilia\/wp-content\/uploads\/sites\/28\/2023\/09\/PORTADA_F-ILIA-7-1.jpg",9,12,false],"tainacan-small":["https:\/\/ilia.uartes.edu.ec\/f-ilia\/wp-content\/uploads\/sites\/28\/2023\/09\/PORTADA_F-ILIA-7-1-40x40.jpg",40,40,true],"tainacan-medium":["https:\/\/ilia.uartes.edu.ec\/f-ilia\/wp-content\/uploads\/sites\/28\/2023\/09\/PORTADA_F-ILIA-7-1-275x275.jpg",275,275,true],"tainacan-medium-full":["https:\/\/ilia.uartes.edu.ec\/f-ilia\/wp-content\/uploads\/sites\/28\/2023\/09\/PORTADA_F-ILIA-7-1-205x285.jpg",205,285,true],"tainacan-large-full":["https:\/\/ilia.uartes.edu.ec\/f-ilia\/wp-content\/uploads\/sites\/28\/2023\/09\/PORTADA_F-ILIA-7-1-480x668.jpg",480,668,true]},"uagb_author_info":{"display_name":"Universidad de las Artes","author_link":"https:\/\/ilia.uartes.edu.ec\/f-ilia\/author\/dircomadm\/"},"uagb_comment_info":0,"uagb_excerpt":"Este n\u00famero de F-ILIA contiene una serie de reflexiones y aplicaciones relativas al problema de la interdisciplina. Surge, en buena medida, del seminario permanente ofrecido por el Instituto Latinoamericano de Investigaci\u00f3n en Artes (ILIA), llamado precisamente Interdisciplina y que tuvo lugar en Guayaquil durante el a\u00f1o 2022.","distributor_meta":false,"distributor_terms":false,"distributor_media":false,"distributor_original_site_name":"Revista F-ILIA - Investigaci\u00f3n, Arte y Memoria","distributor_original_site_url":"https:\/\/ilia.uartes.edu.ec\/f-ilia","push-errors":false,"_links":{"self":[{"href":"https:\/\/ilia.uartes.edu.ec\/f-ilia\/wp-json\/wp\/v2\/pages\/2554","targetHints":{"allow":["GET"]}}],"collection":[{"href":"https:\/\/ilia.uartes.edu.ec\/f-ilia\/wp-json\/wp\/v2\/pages"}],"about":[{"href":"https:\/\/ilia.uartes.edu.ec\/f-ilia\/wp-json\/wp\/v2\/types\/page"}],"author":[{"embeddable":true,"href":"https:\/\/ilia.uartes.edu.ec\/f-ilia\/wp-json\/wp\/v2\/users\/1"}],"replies":[{"embeddable":true,"href":"https:\/\/ilia.uartes.edu.ec\/f-ilia\/wp-json\/wp\/v2\/comments?post=2554"}],"version-history":[{"count":19,"href":"https:\/\/ilia.uartes.edu.ec\/f-ilia\/wp-json\/wp\/v2\/pages\/2554\/revisions"}],"predecessor-version":[{"id":5436,"href":"https:\/\/ilia.uartes.edu.ec\/f-ilia\/wp-json\/wp\/v2\/pages\/2554\/revisions\/5436"}],"wp:featuredmedia":[{"embeddable":true,"href":"https:\/\/ilia.uartes.edu.ec\/f-ilia\/wp-json\/wp\/v2\/media\/2575"}],"wp:attachment":[{"href":"https:\/\/ilia.uartes.edu.ec\/f-ilia\/wp-json\/wp\/v2\/media?parent=2554"}],"curies":[{"name":"wp","href":"https:\/\/api.w.org\/{rel}","templated":true}]}}