{"id":2501,"date":"2022-07-29T15:57:41","date_gmt":"2023-07-12T19:23:33","guid":{"rendered":"https:\/\/ilia.uartes.edu.ec\/f-ilia\/?page_id=2501"},"modified":"2026-03-13T10:32:47","modified_gmt":"2026-03-13T15:32:47","slug":"inicio-7","status":"publish","type":"page","link":"https:\/\/ilia.uartes.edu.ec\/f-ilia\/1-abril-septiembre-2020\/","title":{"rendered":"No. 1 \u2013 Abril 2020"},"content":{"rendered":"\n<div class=\"wp-block-columns is-layout-flex wp-container-core-columns-is-layout-2aa49d08 wp-block-columns-is-layout-flex\" style=\"padding-top:var(--wp--preset--spacing--50);padding-right:var(--wp--preset--spacing--50);padding-bottom:var(--wp--preset--spacing--50);padding-left:var(--wp--preset--spacing--50)\">\n<div class=\"wp-block-column is-layout-flow wp-block-column-is-layout-flow\" style=\"flex-basis:30%\">\n<div class=\"wp-block-tainacan-dynamic-items-list\" data-module=\"dynamic-items-list\" data-search-url=\"\" data-selected-items=\"[&quot;2276&quot;]\" data-collection-id=\"2252\" data-show-image=\"true\" data-show-name=\"true\" data-show-search-bar=\"false\" data-show-collection-header=\"false\" data-show-collection-label=\"false\" data-image-size=\"large\" data-layout=\"grid\" data-load-strategy=\"selection\" data-mosaic-height=\"280\" data-mosaic-density=\"5\" data-mosaic-grid-rows=\"3\" data-mosaic-grid-columns=\"3\" data-mosaic-item-focal-point-x=\"0.5\" data-mosaic-item-focal-point-y=\"0.5\" data-max-columns-count=\"1\" data-collection-background-color=\"#454647\" data-collection-text-color=\"#ffffff\" data-grid-margin=\"0\" data-max-items-number=\"12\" data-order=\"\" data-order-by=\"date\" data-order-by-meta-key=\"\" data-tainacan-api-root=\"https:\/\/ilia.uartes.edu.ec\/f-ilia\/wp-json\/tainacan\/v2\" id=\"wp-block-tainacan-dynamic-items-list_bdf86a8c-7ca9-49a3-96b7-ddbfbacb5483\"><div><\/div><\/div>\n\n\n\n<div class=\"wp-block-buttons alignwide is-content-justification-center is-layout-flex wp-container-core-buttons-is-layout-a89b3969 wp-block-buttons-is-layout-flex\">\n<div class=\"wp-block-button\"><a class=\"wp-block-button__link wp-element-button\" href=\"https:\/\/www.uartes.edu.ec\/sitio\/?wpdmdl=50443\">Descarga el n\u00famero completo<\/a><\/div>\n<\/div>\n<\/div>\n\n\n\n<div class=\"wp-block-column is-layout-flow wp-block-column-is-layout-flow\">\n<h3 class=\"wp-block-heading\">Lo contempor\u00e1neo del arte<\/h3>\n\n\n\n<h4 class=\"wp-block-heading\">Art\u00edculos<\/h4>\n\n\n\n<p><a href=\"https:\/\/ilia.uartes.edu.ec\/f-ilia\/articulos\/real-smart-cities-elementos-fundamentales-para-una-critica-epistemica-de-la-economia-politica-algoritmica\/\">Real Smart Cities. Elementos fundamentales para una cr\u00edtica epist\u00e9mica de la econom\u00eda pol\u00edtica algor\u00edtmica<\/a><br>Paolo Vignola | Sara Baranzoni<\/p>\n\n\n\n<p><a href=\"https:\/\/ilia.uartes.edu.ec\/f-ilia\/articulos\/procesos-invisibles-actividades-esporadicas-resultados-concretos-un-corte-sobre-el-proyecto-abriendo-la-puerta\/\">Procesos invisibles, actividades espor\u00e1dicas, resultados concretos: un corte sobre el proyecto \u201cAbriendo la puerta\u201d<\/a><br>Ana Carrillo | Bradley Hilgert<\/p>\n\n\n\n<p><a href=\"https:\/\/ilia.uartes.edu.ec\/f-ilia\/articulos\/performance-digital-audiovisual-el-lado-tecnologico-de-la-sinestesia\/\">Performance digital audiovisual. El lado tecnol\u00f3gico de la sinestesia<\/a><br>Marcelino Garc\u00eda(Carla Seul Garc\u00eda Marcelino)<\/p>\n\n\n\n<p><a href=\"https:\/\/ilia.uartes.edu.ec\/f-ilia\/articulos\/academizar-la-investigacion-en-artes-la-experiencia-de-escena-revista-de-las-artes-de-la-universidad-de-costa-rica\/\">Academizar la investigaci\u00f3n en artes. La experiencia de ESCENA. Revista de las artes de la Universidad de Costa Rica<\/a><br>Nicole Mas\u00eds Chac\u00f3n<\/p>\n\n\n\n<p><a href=\"https:\/\/ilia.uartes.edu.ec\/f-ilia\/articulos\/timbre-y-espacio-en-escena\/\">Timbre y espacio en escena<\/a><br>Dr. Rodrigo Sigal Sefchovich<\/p>\n<\/div>\n<\/div>\n\n\n\n<div class=\"wp-block-columns is-layout-flex wp-container-core-columns-is-layout-2aa49d08 wp-block-columns-is-layout-flex\" style=\"padding-top:var(--wp--preset--spacing--50);padding-right:var(--wp--preset--spacing--50);padding-bottom:var(--wp--preset--spacing--50);padding-left:var(--wp--preset--spacing--50)\">\n<div class=\"wp-block-column is-layout-flow wp-block-column-is-layout-flow\">\n<h4 class=\"wp-block-heading\">Texturas<\/h4>\n\n\n\n<p><a href=\"https:\/\/ilia.uartes.edu.ec\/f-ilia\/texturas\/amarillo-una-experiencia-sensorial\/\">Amarillo Una experiencia sensorial<\/a><br>Diego Benalc\u00e1zar Vega<\/p>\n\n\n\n<p><a href=\"https:\/\/ilia.uartes.edu.ec\/f-ilia\/texturas\/h4b174r-3n-07ras-p1eles-la-produccion-poetica-de-kelver-ax-como-una-anidacion-del-lenguaje\/\">H4B174R 3N 07RAS P1ELES La producci\u00f3n po\u00e9tica de Kelver Ax como una anidaci\u00f3n del lenguaje<\/a><br>Laura Nivela<\/p>\n\n\n\n<p><a href=\"https:\/\/ilia.uartes.edu.ec\/f-ilia\/texturas\/una-gentil-guia-para-usar-compartir-o-coleccionar-emojis-memes-y-stickers\/\">Una gentil gu\u00eda para usar, compartir o coleccionar emojis, memes y stickers<\/a><br>Janina Su\u00e1rez Pinz\u00f3n<\/p>\n\n\n\n<p><a href=\"https:\/\/ilia.uartes.edu.ec\/f-ilia\/texturas\/el-poder-en-mi-constitucion-proceso-de-construccion-de-la-deriva-escenica-del-proyecto-de-investigacion-en-artes-sobre-la-representacion-del-poder-a-traves-de-imagenes-seleccionadas-del-archivo-el-tel\/\">El poder en mi constituci\u00f3n Proceso de construcci\u00f3n de la deriva esc\u00e9nica del proyecto de investigaci\u00f3n en artes sobre la representaci\u00f3n del poder a trav\u00e9s de im\u00e1genes seleccionadas del archivo El Tel\u00e9grafo<\/a><br>Carolina Pepper<\/p>\n<\/div>\n\n\n\n<div class=\"wp-block-column is-layout-flow wp-block-column-is-layout-flow\">\n<h4 class=\"wp-block-heading\">Contrapunteos<\/h4>\n\n\n\n<p><a href=\"https:\/\/ilia.uartes.edu.ec\/f-ilia\/contrapunteos\/tecnologias-digitales-y-accion-politica-reflexiones-a-partir-del-activismo-feminista-en-guayaquil\/\">Tecnolog\u00edas digitales y acci\u00f3n pol\u00edtica: reflexiones a partir del activismo feminista en Guayaquil<\/a><br>Ybelice Brice\u00f1o Linares<\/p>\n\n\n\n<p><a href=\"https:\/\/ilia.uartes.edu.ec\/f-ilia\/contrapunteos\/microfonos-cerrados-el-paro-de-octubre-en-la-prensa\/\">Micr\u00f3fonos cerrados: El paro de octubre en la prensa<\/a><br>Jos\u00e9 Miguel Cabrera Kozisek<\/p>\n\n\n\n<p><a href=\"https:\/\/ilia.uartes.edu.ec\/f-ilia\/contrapunteos\/la-internet-la-red-con-vida-propia-autoactivadora-que-permea-cultural-y-politicamente-a-nuestros-jovenes\/\">La Internet: la red con vida propia, autoactivadora que permea cultural y pol\u00edticamente a nuestros j\u00f3venes<\/a><br>Yamil Edinson Lambert Sarango<\/p>\n\n\n\n<h4 class=\"wp-block-heading\">Entrevistas<\/h4>\n\n\n\n<p><a href=\"https:\/\/ilia.uartes.edu.ec\/f-ilia\/entrevistas\/lo-contemporaneo-del-arte-entrevista-a-cristian-villavicencio\/\">Lo contempor\u00e1neo del arte. Entrevista a Cristian Villavicencio*<\/a><br>Laura Nivela<\/p>\n<\/div>\n<\/div>\n\n\n<div class=\"wp-block-post-views-counter-post-views\"><div class=\"post-views content-post post-2501 entry-meta load-static\">\r\n\t\t\t\t<span class=\"post-views-icon dashicons dashicons-chart-bar\"><\/span> <span class=\"post-views-label\">Vistas:<\/span> <span class=\"post-views-count\">3<\/span>\r\n\t\t\t<\/div><\/div>","protected":false},"excerpt":{"rendered":"<p>Hemos construido Revista F-ILIA de tal manera que resulte viable recrear la experiencia del debate p\u00fablico en el campo de la investigaci\u00f3n en artes. Esto es, no solo dar cuenta de sus distintas voces, sino de los m\u00faltiples modos en que aparecen. En esta publicaci\u00f3n creemos profundamente en el di\u00e1logo interdisciplinario, pero tambi\u00e9n entre distintos soportes y discursividades. En consecuencia, proponemos dos secciones: art\u00edculos y texturas.<\/p>\n","protected":false},"author":1,"featured_media":1099,"parent":0,"menu_order":0,"comment_status":"open","ping_status":"closed","template":"","meta":{"_uag_custom_page_level_css":"","_monsterinsights_skip_tracking":false,"_monsterinsights_sitenote_active":false,"_monsterinsights_sitenote_note":"","_monsterinsights_sitenote_category":0,"cybocfi_hide_featured_image":"","footnotes":""},"class_list":["post-2501","page","type-page","status-publish","has-post-thumbnail","hentry"],"blocksy_meta":{"styles_descriptor":{"styles":{"desktop":"","tablet":"","mobile":""},"google_fonts":[],"version":6}},"uagb_featured_image_src":{"full":["https:\/\/ilia.uartes.edu.ec\/f-ilia\/wp-content\/uploads\/sites\/28\/2023\/02\/FILIA-01-portada.png",707,999,false],"thumbnail":["https:\/\/ilia.uartes.edu.ec\/f-ilia\/wp-content\/uploads\/sites\/28\/2023\/02\/FILIA-01-portada-150x150.png",150,150,true],"medium":["https:\/\/ilia.uartes.edu.ec\/f-ilia\/wp-content\/uploads\/sites\/28\/2023\/02\/FILIA-01-portada-212x300.png",212,300,true],"medium_large":["https:\/\/ilia.uartes.edu.ec\/f-ilia\/wp-content\/uploads\/sites\/28\/2023\/02\/FILIA-01-portada.png",707,999,false],"large":["https:\/\/ilia.uartes.edu.ec\/f-ilia\/wp-content\/uploads\/sites\/28\/2023\/02\/FILIA-01-portada.png",707,999,false],"1536x1536":["https:\/\/ilia.uartes.edu.ec\/f-ilia\/wp-content\/uploads\/sites\/28\/2023\/02\/FILIA-01-portada.png",707,999,false],"2048x2048":["https:\/\/ilia.uartes.edu.ec\/f-ilia\/wp-content\/uploads\/sites\/28\/2023\/02\/FILIA-01-portada.png",707,999,false],"trp-custom-language-flag":["https:\/\/ilia.uartes.edu.ec\/f-ilia\/wp-content\/uploads\/sites\/28\/2023\/02\/FILIA-01-portada.png",8,12,false],"tainacan-small":["https:\/\/ilia.uartes.edu.ec\/f-ilia\/wp-content\/uploads\/sites\/28\/2023\/02\/FILIA-01-portada-40x40.png",40,40,true],"tainacan-medium":["https:\/\/ilia.uartes.edu.ec\/f-ilia\/wp-content\/uploads\/sites\/28\/2023\/02\/FILIA-01-portada-275x275.png",275,275,true],"tainacan-medium-full":["https:\/\/ilia.uartes.edu.ec\/f-ilia\/wp-content\/uploads\/sites\/28\/2023\/02\/FILIA-01-portada-205x290.png",205,290,true],"tainacan-large-full":["https:\/\/ilia.uartes.edu.ec\/f-ilia\/wp-content\/uploads\/sites\/28\/2023\/02\/FILIA-01-portada-480x678.png",480,678,true]},"uagb_author_info":{"display_name":"Universidad de las Artes","author_link":"https:\/\/ilia.uartes.edu.ec\/f-ilia\/author\/dircomadm\/"},"uagb_comment_info":0,"uagb_excerpt":"Hemos construido Revista F-ILIA de tal manera que resulte viable recrear la experiencia del debate p\u00fablico en el campo de la investigaci\u00f3n en artes. Esto es, no solo dar cuenta de sus distintas voces, sino de los m\u00faltiples modos en que aparecen. En esta publicaci\u00f3n creemos profundamente en el di\u00e1logo interdisciplinario, pero tambi\u00e9n entre distintos&hellip;","distributor_meta":false,"distributor_terms":false,"distributor_media":false,"distributor_original_site_name":"Revista F-ILIA - Investigaci\u00f3n, Arte y Memoria","distributor_original_site_url":"https:\/\/ilia.uartes.edu.ec\/f-ilia","push-errors":false,"_links":{"self":[{"href":"https:\/\/ilia.uartes.edu.ec\/f-ilia\/wp-json\/wp\/v2\/pages\/2501","targetHints":{"allow":["GET"]}}],"collection":[{"href":"https:\/\/ilia.uartes.edu.ec\/f-ilia\/wp-json\/wp\/v2\/pages"}],"about":[{"href":"https:\/\/ilia.uartes.edu.ec\/f-ilia\/wp-json\/wp\/v2\/types\/page"}],"author":[{"embeddable":true,"href":"https:\/\/ilia.uartes.edu.ec\/f-ilia\/wp-json\/wp\/v2\/users\/1"}],"replies":[{"embeddable":true,"href":"https:\/\/ilia.uartes.edu.ec\/f-ilia\/wp-json\/wp\/v2\/comments?post=2501"}],"version-history":[{"count":6,"href":"https:\/\/ilia.uartes.edu.ec\/f-ilia\/wp-json\/wp\/v2\/pages\/2501\/revisions"}],"predecessor-version":[{"id":5417,"href":"https:\/\/ilia.uartes.edu.ec\/f-ilia\/wp-json\/wp\/v2\/pages\/2501\/revisions\/5417"}],"wp:featuredmedia":[{"embeddable":true,"href":"https:\/\/ilia.uartes.edu.ec\/f-ilia\/wp-json\/wp\/v2\/media\/1099"}],"wp:attachment":[{"href":"https:\/\/ilia.uartes.edu.ec\/f-ilia\/wp-json\/wp\/v2\/media?parent=2501"}],"curies":[{"name":"wp","href":"https:\/\/api.w.org\/{rel}","templated":true}]}}