{"id":2496,"date":"2022-07-29T15:57:41","date_gmt":"2023-07-12T17:16:15","guid":{"rendered":"https:\/\/ilia.uartes.edu.ec\/f-ilia\/?page_id=2496"},"modified":"2026-03-13T10:54:36","modified_gmt":"2026-03-13T15:54:36","slug":"inicio-2","status":"publish","type":"page","link":"https:\/\/ilia.uartes.edu.ec\/f-ilia\/6-ii-semestre-octubre-2022\/","title":{"rendered":"No. 6 \u2013 Octubre 2022"},"content":{"rendered":"\n<div class=\"wp-block-columns is-layout-flex wp-container-core-columns-is-layout-2aa49d08 wp-block-columns-is-layout-flex\" style=\"padding-top:var(--wp--preset--spacing--50);padding-right:var(--wp--preset--spacing--50);padding-bottom:var(--wp--preset--spacing--50);padding-left:var(--wp--preset--spacing--50)\">\n<div class=\"wp-block-column is-layout-flow wp-block-column-is-layout-flow\" style=\"flex-basis:30%\">\n<div class=\"wp-block-tainacan-dynamic-items-list\" data-module=\"dynamic-items-list\" data-search-url=\"\" data-selected-items=\"[&quot;2346&quot;,&quot;2346&quot;]\" data-collection-id=\"2252\" data-show-image=\"true\" data-show-name=\"true\" data-show-search-bar=\"false\" data-show-collection-header=\"false\" data-show-collection-label=\"false\" data-image-size=\"large\" data-layout=\"grid\" data-load-strategy=\"selection\" data-mosaic-height=\"280\" data-mosaic-density=\"5\" data-mosaic-grid-rows=\"3\" data-mosaic-grid-columns=\"3\" data-mosaic-item-focal-point-x=\"0.5\" data-mosaic-item-focal-point-y=\"0.5\" data-max-columns-count=\"1\" data-collection-background-color=\"#454647\" data-collection-text-color=\"#ffffff\" data-grid-margin=\"0\" data-max-items-number=\"12\" data-order=\"\" data-order-by=\"date\" data-order-by-meta-key=\"\" data-tainacan-api-root=\"https:\/\/ilia.uartes.edu.ec\/f-ilia\/wp-json\/tainacan\/v2\" id=\"wp-block-tainacan-dynamic-items-list_76d5efa1-6465-4d2a-af78-363a695d4673\"><div><\/div><\/div>\n\n\n\n<div class=\"wp-block-buttons alignwide is-content-justification-center is-layout-flex wp-container-core-buttons-is-layout-a89b3969 wp-block-buttons-is-layout-flex\">\n<div class=\"wp-block-button\"><a class=\"wp-block-button__link wp-element-button\" href=\"https:\/\/www.uartes.edu.ec\/sitio\/?wpdmdl=50438\">Descarga el n\u00famero completo<\/a><\/div>\n<\/div>\n<\/div>\n\n\n\n<div class=\"wp-block-column is-layout-flow wp-block-column-is-layout-flow\">\n<h3 class=\"wp-block-heading\">Pol\u00edticas y po\u00e9ticas en tiempos de crisis: violencias, revuelta social y pr\u00e1cticas art\u00edsticas<\/h3>\n\n\n\n<h4 class=\"wp-block-heading\">Art\u00edculos<\/h4>\n\n\n\n<p><a href=\"https:\/\/ilia.uartes.edu.ec\/f-ilia\/articulos\/arte-resistencia-y-memoria-imagenes-relatos-y-nuevos-monumentos-del-pueblo-que-falta-reflexiones-en-torno-al-estallido-social-en-colombia-2019-2021\/\">Arte, resistencia y memoria. Im\u00e1genes, relatos y nuevos monumentos del \u00abpueblo que falta\u00bb. Reflexiones en torno al estallido social en Colombia, 2019-2021<\/a><br>Beatriz Elena Acosta R\u00edos | Juan Diego Parra<\/p>\n\n\n\n<p><a href=\"https:\/\/ilia.uartes.edu.ec\/f-ilia\/articulos\/amigos-musicas-y-paz-dialogos-y-experiencias-de-la-movilizacion-social-a-traves-de-la-estudiantina-del-ipc\/\">Amigos, m\u00fasicas y paz: di\u00e1logos y experiencias de la movilizaci\u00f3n social a trav\u00e9s de la Estudiantina del IPC<\/a><br>Christian Bola\u00f1os Velasco | Christian Parra Villa | Diego Germ\u00e1n G\u00f3mez Garc\u00eda | Juan Pablo Torres Le\u00f3n | Salma Canabal Quintero | Santiago Castiblanco Aguilar | Vanessa Jord\u00e1n Beghelli<\/p>\n\n\n\n<p><a href=\"https:\/\/ilia.uartes.edu.ec\/f-ilia\/articulos\/crisis-e-intervencion-en-la-universidad-federal-de-paraiba-de-brasil-activismo-artistico-en-los-modos-de-confrontacion-de-la-ocupacion-alph\/\">Crisis e intervenci\u00f3n en la Universidad Federal de Para\u00edba de Brasil: activismo art\u00edstico en los modos de confrontaci\u00f3n de la ocupaci\u00f3n Alph<\/a><br>Candice Didonet | Jamysson Ian Lima Souza<\/p>\n\n\n\n<p><a href=\"https:\/\/ilia.uartes.edu.ec\/f-ilia\/articulos\/mujer-magia-transformando-el-dolor-en-arte-una-obra-de-intervencion-psicoartistica\/\">Mujer Magia, transformando el dolor en arte: una obra de intervenci\u00f3n psicoart\u00edstica<\/a><br>Alexandra Londo\u00f1o | Paz Guarderas | Santiago Hidalgo<\/p>\n\n\n\n<p><a href=\"https:\/\/ilia.uartes.edu.ec\/f-ilia\/articulos\/de-octubre-de-2019-a-junio-de-2022-terrorismo-de-estado-neoliberalismo-y-revuelta-social-en-ecuador\/\">De octubre de 2019 a junio de 2022: terrorismo de Estado, neoliberalismo y revuelta social en Ecuador<\/a><br>Coraima Torres | Natalia Marcos<\/p>\n\n\n\n<p><a href=\"https:\/\/ilia.uartes.edu.ec\/f-ilia\/articulos\/el-auge-de-las-redes-sociales-en-la-explosion-social-en-colombia-el-nuevo-poder-de-los-medios-de-comunicacion-independientes-y-ciudadanos\/\">El auge de las redes sociales en la explosi\u00f3n social en Colombia, el nuevo poder de los medios de comunicaci\u00f3n independientes y ciudadanos<\/a><br>N\u00e9stor Juli\u00e1n Restrepo-Echavarr\u00eda<\/p>\n\n\n\n<p><a href=\"https:\/\/ilia.uartes.edu.ec\/f-ilia\/articulos\/cine-comunitario-en-el-ecuador-el-caso-de-la-poderosa-media-project\/\">Cine comunitario en el Ecuador: el caso de La Poderosa Media Project<\/a><br>Alejandra Zambrano | Giulianna Zambrano<\/p>\n<\/div>\n<\/div>\n\n\n\n<div class=\"wp-block-columns is-layout-flex wp-container-core-columns-is-layout-2aa49d08 wp-block-columns-is-layout-flex\" style=\"padding-top:var(--wp--preset--spacing--50);padding-right:var(--wp--preset--spacing--50);padding-bottom:var(--wp--preset--spacing--50);padding-left:var(--wp--preset--spacing--50)\">\n<div class=\"wp-block-column is-layout-flow wp-block-column-is-layout-flow\">\n<h4 class=\"wp-block-heading\">Texturas<\/h4>\n\n\n\n<p><a href=\"https:\/\/ilia.uartes.edu.ec\/f-ilia\/texturas\/escritura-rota-broken-writing\/\">Escritura rota. Broken writing<\/a><br>Candice Didonet<\/p>\n\n\n\n<p><a href=\"https:\/\/ilia.uartes.edu.ec\/f-ilia\/texturas\/memorias-fotograficas-de-un-viaje-desde-cordoba-hacia-santiago-de-chile\/\">Memorias fotogr\u00e1ficas de un viaje desde C\u00f3rdoba hacia Santiago de Chile<\/a><br>Alejandra Soledad Gonz\u00e1lez<\/p>\n\n\n\n<p><a href=\"https:\/\/ilia.uartes.edu.ec\/f-ilia\/texturas\/estotbn-o-el-surgimiento-de-una-plataforma-colaborativa\/\">#EstoTbn, o el surgimiento de una plataforma colaborativa<\/a><br>Macarena Garc\u00eda-Gonz\u00e1lez e Ignacia Saona<\/p>\n\n\n\n<p><a href=\"https:\/\/ilia.uartes.edu.ec\/f-ilia\/texturas\/arriba-lxs-que-luchan\/\">Arriba lxs que luchan<\/a><br>Guayaqueer<\/p>\n\n\n\n<p><a href=\"https:\/\/ilia.uartes.edu.ec\/f-ilia\/texturas\/reconstruccion-la-santa-virreina-escena-iii\/\">Reconstrucci\u00f3n: La santa virreina (escena III)<\/a><br>Antonio Gagliano | Ver\u00f3nica Lahitte<\/p>\n\n\n\n<p><a href=\"https:\/\/ilia.uartes.edu.ec\/f-ilia\/texturas\/el-poder-del-fogon-las-ollas-comunitarias-como-espacios-de-construccion-politica\/\">El poder del fog\u00f3n: las ollas comunitarias como espacios de construcci\u00f3n pol\u00edtica<\/a><br>Geovanna Lasso<\/p>\n\n\n\n<p><a href=\"https:\/\/ilia.uartes.edu.ec\/f-ilia\/texturas\/la-escritura-politica-la-ineptitud-de-mi-pluma-ante-la-inmediatez\/\">La escritura pol\u00edtica: la ineptitud de mi pluma ante la inmediatez<\/a><br>Gabriel Ortiz Armas<\/p>\n\n\n\n<p><a href=\"https:\/\/ilia.uartes.edu.ec\/f-ilia\/texturas\/resistencia-amor-y-cotencion\/\">Resistencia, amor y cotenci\u00f3n<\/a><br>Poli Linar (Polett Zapata)<\/p>\n\n\n\n<p><a href=\"https:\/\/ilia.uartes.edu.ec\/f-ilia\/texturas\/el-paro-nacional-y-la-memoria-una-mirada-desde-las-mujeres-y-el-arte\/\">El paro nacional y la memoria: una mirada desde las mujeres y el arte<\/a><br>Revista \u00d1AWPA (Elizabeth Ribera, Erika Arteaga, Rub\u00ed Farinango y Eduardo Casto)<\/p>\n\n\n\n<p><a href=\"https:\/\/ilia.uartes.edu.ec\/f-ilia\/texturas\/la-resistencia-sonora-de-la-batucada-experiencias-feministas-en-el-paro-nacional-2022\/\">La resistencia sonora de la batucada: experiencias feministas en el paro nacional 2022<\/a><br>Adela Vargas Murillo | Marilyn Urresto Villegas<\/p>\n\n\n\n<p><a href=\"https:\/\/ilia.uartes.edu.ec\/f-ilia\/texturas\/sanando\/\">Sanando<\/a><br>Liz Zhingri<\/p>\n<\/div>\n\n\n\n<div class=\"wp-block-column is-layout-flow wp-block-column-is-layout-flow\">\n<h4 class=\"wp-block-heading\">Contrapunteos<\/h4>\n\n\n\n<p><a href=\"https:\/\/ilia.uartes.edu.ec\/f-ilia\/contrapunteos\/poder-cuerpo-territorio-y-resistencias-perspectivas-situadas-desde-un-quehacer-artistico-activista-latinoamericano\/\">Poder cuerpo\/territorio y resistencias: perspectivas situadas desde un quehacer art\u00edstico-activista latinoamericano<\/a><br>Geovanna Lasso<\/p>\n\n\n\n<h4 class=\"wp-block-heading\">Entrevistas<\/h4>\n\n\n\n<p><a href=\"https:\/\/ilia.uartes.edu.ec\/f-ilia\/entrevistas\/entrevista-a-nelly-richard\/\">Entrevista a Nelly Richard<\/a><br>Janaina Carrer | Jos\u00e9 Miguel Neira | Ybelice Brice\u00f1o<\/p>\n<\/div>\n<\/div>\n\n\n<div class=\"wp-block-post-views-counter-post-views\"><div class=\"post-views content-post post-2496 entry-meta load-static\">\r\n\t\t\t\t<span class=\"post-views-icon dashicons dashicons-chart-bar\"><\/span> <span class=\"post-views-label\">Vistas:<\/span> <span class=\"post-views-count\">6<\/span>\r\n\t\t\t<\/div><\/div>","protected":false},"excerpt":{"rendered":"<p>La convocatoria a esta revista fue pensada y escrita durante los primeros meses del a\u00f1o 2022. Desde ese momento hasta la actualidad han sucedido acontecimientos importantes en el escenario latinoamericano, que le dan nuevos sentidos y resonancias a las preguntas que nos hac\u00edamos inicialmente. El triunfo de la f\u00f3rmula de izquierda (con Gustavo Petro y Francia M\u00e1rquez) en las elecciones de Colombia, el levantamiento ind\u00edgena y popular del mes de junio en Ecuador, y el rechazo a la propuesta de Constituci\u00f3n en Chile, sin duda marcan hitos que alteran los destinos que parec\u00edan seguir estos pa\u00edses a principios de a\u00f1o.<\/p>\n","protected":false},"author":1,"featured_media":1098,"parent":0,"menu_order":5,"comment_status":"open","ping_status":"closed","template":"","meta":{"_uag_custom_page_level_css":"","_monsterinsights_skip_tracking":false,"_monsterinsights_sitenote_active":false,"_monsterinsights_sitenote_note":"","_monsterinsights_sitenote_category":0,"cybocfi_hide_featured_image":"","footnotes":""},"class_list":["post-2496","page","type-page","status-publish","has-post-thumbnail","hentry"],"blocksy_meta":{"styles_descriptor":{"styles":{"desktop":"","tablet":"","mobile":""},"google_fonts":[],"version":6}},"uagb_featured_image_src":{"full":["https:\/\/ilia.uartes.edu.ec\/f-ilia\/wp-content\/uploads\/sites\/28\/2023\/02\/FILIA-06-portada.png",708,1000,false],"thumbnail":["https:\/\/ilia.uartes.edu.ec\/f-ilia\/wp-content\/uploads\/sites\/28\/2023\/02\/FILIA-06-portada-150x150.png",150,150,true],"medium":["https:\/\/ilia.uartes.edu.ec\/f-ilia\/wp-content\/uploads\/sites\/28\/2023\/02\/FILIA-06-portada-212x300.png",212,300,true],"medium_large":["https:\/\/ilia.uartes.edu.ec\/f-ilia\/wp-content\/uploads\/sites\/28\/2023\/02\/FILIA-06-portada.png",708,1000,false],"large":["https:\/\/ilia.uartes.edu.ec\/f-ilia\/wp-content\/uploads\/sites\/28\/2023\/02\/FILIA-06-portada.png",708,1000,false],"1536x1536":["https:\/\/ilia.uartes.edu.ec\/f-ilia\/wp-content\/uploads\/sites\/28\/2023\/02\/FILIA-06-portada.png",708,1000,false],"2048x2048":["https:\/\/ilia.uartes.edu.ec\/f-ilia\/wp-content\/uploads\/sites\/28\/2023\/02\/FILIA-06-portada.png",708,1000,false],"trp-custom-language-flag":["https:\/\/ilia.uartes.edu.ec\/f-ilia\/wp-content\/uploads\/sites\/28\/2023\/02\/FILIA-06-portada.png",8,12,false],"tainacan-small":["https:\/\/ilia.uartes.edu.ec\/f-ilia\/wp-content\/uploads\/sites\/28\/2023\/02\/FILIA-06-portada-40x40.png",40,40,true],"tainacan-medium":["https:\/\/ilia.uartes.edu.ec\/f-ilia\/wp-content\/uploads\/sites\/28\/2023\/02\/FILIA-06-portada-275x275.png",275,275,true],"tainacan-medium-full":["https:\/\/ilia.uartes.edu.ec\/f-ilia\/wp-content\/uploads\/sites\/28\/2023\/02\/FILIA-06-portada-205x290.png",205,290,true],"tainacan-large-full":["https:\/\/ilia.uartes.edu.ec\/f-ilia\/wp-content\/uploads\/sites\/28\/2023\/02\/FILIA-06-portada-480x678.png",480,678,true]},"uagb_author_info":{"display_name":"Universidad de las Artes","author_link":"https:\/\/ilia.uartes.edu.ec\/f-ilia\/author\/dircomadm\/"},"uagb_comment_info":0,"uagb_excerpt":"La convocatoria a esta revista fue pensada y escrita durante los primeros meses del a\u00f1o 2022. Desde ese momento hasta la actualidad han sucedido acontecimientos importantes en el escenario latinoamericano, que le dan nuevos sentidos y resonancias a las preguntas que nos hac\u00edamos inicialmente. El triunfo de la f\u00f3rmula de izquierda (con Gustavo Petro y&hellip;","distributor_meta":false,"distributor_terms":false,"distributor_media":false,"distributor_original_site_name":"Revista F-ILIA - Investigaci\u00f3n, Arte y Memoria","distributor_original_site_url":"https:\/\/ilia.uartes.edu.ec\/f-ilia","push-errors":false,"_links":{"self":[{"href":"https:\/\/ilia.uartes.edu.ec\/f-ilia\/wp-json\/wp\/v2\/pages\/2496","targetHints":{"allow":["GET"]}}],"collection":[{"href":"https:\/\/ilia.uartes.edu.ec\/f-ilia\/wp-json\/wp\/v2\/pages"}],"about":[{"href":"https:\/\/ilia.uartes.edu.ec\/f-ilia\/wp-json\/wp\/v2\/types\/page"}],"author":[{"embeddable":true,"href":"https:\/\/ilia.uartes.edu.ec\/f-ilia\/wp-json\/wp\/v2\/users\/1"}],"replies":[{"embeddable":true,"href":"https:\/\/ilia.uartes.edu.ec\/f-ilia\/wp-json\/wp\/v2\/comments?post=2496"}],"version-history":[{"count":13,"href":"https:\/\/ilia.uartes.edu.ec\/f-ilia\/wp-json\/wp\/v2\/pages\/2496\/revisions"}],"predecessor-version":[{"id":5434,"href":"https:\/\/ilia.uartes.edu.ec\/f-ilia\/wp-json\/wp\/v2\/pages\/2496\/revisions\/5434"}],"wp:featuredmedia":[{"embeddable":true,"href":"https:\/\/ilia.uartes.edu.ec\/f-ilia\/wp-json\/wp\/v2\/media\/1098"}],"wp:attachment":[{"href":"https:\/\/ilia.uartes.edu.ec\/f-ilia\/wp-json\/wp\/v2\/media?parent=2496"}],"curies":[{"name":"wp","href":"https:\/\/api.w.org\/{rel}","templated":true}]}}