{"id":2458,"date":"2023-07-12T09:38:09","date_gmt":"2023-07-12T14:38:09","guid":{"rendered":"https:\/\/ilia.uartes.edu.ec\/f-ilia\/acerca-de-f-ilia\/equipo-editorial\/"},"modified":"2026-02-23T12:18:29","modified_gmt":"2026-02-23T17:18:29","slug":"equipo-editorial","status":"publish","type":"page","link":"https:\/\/ilia.uartes.edu.ec\/f-ilia\/equipo-editorial\/","title":{"rendered":"Equipo Editorial"},"content":{"rendered":"\n<h3 class=\"wp-block-heading\">Equipo editorial<\/h3>\n\n\n\n<p><a href=\"https:\/\/www.uartes.edu.ec\/sitio\/andrey-astaiza\/\">Dr. Andrey Astaiza<\/a><br><strong>Director del Instituto Latinoamericano de Investigaci\u00f3n en Artes<br><\/strong>Universidad de las Artes<br>Ecuador<\/p>\n\n\n\n<p>Mario Maquil\u00f3n<br><strong>Editor<\/strong><br>Universidad de las Artes<br>Ecuador<\/p>\n\n\n\n<p>Ana Mar\u00eda Crespo<br><strong>Editora<\/strong><br>Universidad de las Artes<br>Ecuador<\/p>\n\n\n\n<p>Gilda S\u00e1nchez<br><strong>Directora Editorial UArtes Ediciones<\/strong><br>Universidad de las Artes<br>Ecuador<\/p>\n\n\n\n<p>Daniela Zeballos<br><strong>Correcci\u00f3n de textos<\/strong><br>Universidad de las Artes<br>Ecuador<\/p>\n\n\n\n<p>Ignacio Quintana<br><strong>Diagramaci\u00f3n y dise\u00f1o<\/strong><br>Universidad de las Artes<br>Ecuador<\/p>\n\n\n\n<h3 class=\"wp-block-heading\">Consejo editorial<\/h3>\n\n\n\n<p>Ybelice Brice\u00f1o, Universidad de las Artes (Ecuador)<\/p>\n\n\n\n<p>M\u00f3nica Lacarrieu, Universidad de Buenos Aires (Argentina)<\/p>\n\n\n\n<p>Bradley Hilgert, Universidad de las Artes (Ecuador)<\/p>\n\n\n\n<p>Lucina Jim\u00e9nez, Instituto Nacional de Bellas Artes (M\u00e9xico)<\/p>\n\n\n\n<p>Ramiro Noriega, CLACSO, GT \u2018Artes, educaci\u00f3n y ciudadan\u00eda\u2019 (Ecuador)<\/p>\n\n\n\n<p>Ricardo Toledo, Universidad Javeriana (Colombia)<\/p>\n","protected":false},"excerpt":{"rendered":"<p>Equipo editorial Dr. Andrey AstaizaDirector del Instituto Latinoamericano de Investigaci\u00f3n en ArtesUniversidad de las ArtesEcuador Mario Maquil\u00f3nEditorUniversidad de las ArtesEcuador Ana Mar\u00eda CrespoEditoraUniversidad de las ArtesEcuador Gilda S\u00e1nchezDirectora Editorial UArtes EdicionesUniversidad de las ArtesEcuador Daniela ZeballosCorrecci\u00f3n de textosUniversidad de las ArtesEcuador Ignacio QuintanaDiagramaci\u00f3n y dise\u00f1oUniversidad de las ArtesEcuador Consejo editorial Ybelice Brice\u00f1o, Universidad de las [&hellip;]<\/p>\n","protected":false},"author":1,"featured_media":0,"parent":0,"menu_order":9,"comment_status":"closed","ping_status":"closed","template":"","meta":{"_uag_custom_page_level_css":"","_monsterinsights_skip_tracking":false,"_monsterinsights_sitenote_active":false,"_monsterinsights_sitenote_note":"","_monsterinsights_sitenote_category":0,"cybocfi_hide_featured_image":"","footnotes":""},"class_list":["post-2458","page","type-page","status-publish","hentry"],"blocksy_meta":[],"uagb_featured_image_src":{"full":false,"thumbnail":false,"medium":false,"medium_large":false,"large":false,"1536x1536":false,"2048x2048":false,"trp-custom-language-flag":false,"tainacan-small":false,"tainacan-medium":false,"tainacan-medium-full":false,"tainacan-large-full":false},"uagb_author_info":{"display_name":"Universidad de las Artes","author_link":"https:\/\/ilia.uartes.edu.ec\/f-ilia\/author\/dircomadm\/"},"uagb_comment_info":0,"uagb_excerpt":"Equipo editorial Dr. Andrey AstaizaDirector del Instituto Latinoamericano de Investigaci\u00f3n en ArtesUniversidad de las ArtesEcuador Mario Maquil\u00f3nEditorUniversidad de las ArtesEcuador Ana Mar\u00eda CrespoEditoraUniversidad de las ArtesEcuador Gilda S\u00e1nchezDirectora Editorial UArtes EdicionesUniversidad de las ArtesEcuador Daniela ZeballosCorrecci\u00f3n de textosUniversidad de las ArtesEcuador Ignacio QuintanaDiagramaci\u00f3n y dise\u00f1oUniversidad de las ArtesEcuador Consejo editorial Ybelice Brice\u00f1o, Universidad de las&hellip;","distributor_meta":false,"distributor_terms":false,"distributor_media":false,"distributor_original_site_name":"Revista F-ILIA - Investigaci\u00f3n, Arte y Memoria","distributor_original_site_url":"https:\/\/ilia.uartes.edu.ec\/f-ilia","push-errors":false,"_links":{"self":[{"href":"https:\/\/ilia.uartes.edu.ec\/f-ilia\/wp-json\/wp\/v2\/pages\/2458","targetHints":{"allow":["GET"]}}],"collection":[{"href":"https:\/\/ilia.uartes.edu.ec\/f-ilia\/wp-json\/wp\/v2\/pages"}],"about":[{"href":"https:\/\/ilia.uartes.edu.ec\/f-ilia\/wp-json\/wp\/v2\/types\/page"}],"author":[{"embeddable":true,"href":"https:\/\/ilia.uartes.edu.ec\/f-ilia\/wp-json\/wp\/v2\/users\/1"}],"replies":[{"embeddable":true,"href":"https:\/\/ilia.uartes.edu.ec\/f-ilia\/wp-json\/wp\/v2\/comments?post=2458"}],"version-history":[{"count":5,"href":"https:\/\/ilia.uartes.edu.ec\/f-ilia\/wp-json\/wp\/v2\/pages\/2458\/revisions"}],"predecessor-version":[{"id":5204,"href":"https:\/\/ilia.uartes.edu.ec\/f-ilia\/wp-json\/wp\/v2\/pages\/2458\/revisions\/5204"}],"wp:attachment":[{"href":"https:\/\/ilia.uartes.edu.ec\/f-ilia\/wp-json\/wp\/v2\/media?parent=2458"}],"curies":[{"name":"wp","href":"https:\/\/api.w.org\/{rel}","templated":true}]}}