{"id":2454,"date":"2023-07-12T09:38:09","date_gmt":"2023-07-12T14:38:09","guid":{"rendered":"https:\/\/ilia.uartes.edu.ec\/f-ilia\/acerca-de-f-ilia\/politicas-editoriales-y-evaluacion-por-pares-ciegos\/"},"modified":"2023-11-09T15:00:45","modified_gmt":"2023-11-09T20:00:45","slug":"politicas-editoriales-y-evaluacion-por-pares-ciegos","status":"publish","type":"page","link":"https:\/\/ilia.uartes.edu.ec\/f-ilia\/politicas-editoriales\/","title":{"rendered":"Pol\u00edticas editoriales y evaluaci\u00f3n por pares ciegos"},"content":{"rendered":"\n<h3 class=\"wp-block-heading\">1. Pol\u00edtica de env\u00edos<\/h3>\n\n\n\n<ol class=\"wp-block-list\" type=\"1\">\n<li>Los\/as editores\/as de F-ILIA aceptan trabajos &nbsp;relacionados con el campo de la investigaci\u00f3n en artes en funci\u00f3n de una convocatoria semestral aprobada por el comit\u00e9 editorial de la publicaci\u00f3n. Los trabajos pueden ser de diferente naturaleza (revisar Tipolog\u00eda de publicaciones: link de Sobre la Revista). &nbsp;<\/li>\n\n\n\n<li>Los trabajos que no cumplan con la tem\u00e1tica de la convocatoria o con la normativa establecida por la publicaci\u00f3n (link de para autores) no ser\u00e1n aceptados y ser\u00e1n devueltos sin comentarios del\/a editor\/a. Se recomienda que los\/as autores\/as revisen cuidadosamente la convocatoria vigente, as\u00ed como las normativas antes de realizar un env\u00edo.<\/li>\n\n\n\n<li>Una vez aceptados por el\/a editor\/a los trabajos enviados para la secci\u00f3n art\u00edculos ser\u00e1n sometidos al proceso de evaluaci\u00f3n por pares ciegos y ser\u00e1n aceptados de conformidad a la calidad de la investigaci\u00f3n y la redacci\u00f3n del trabajo. El\/la editor\/a puede solicitar modificaciones a los\/as autores\/as en caso de que considere necesario.&nbsp;<\/li>\n\n\n\n<li>Revista F-ILIA no cuenta con tasas de publicaci\u00f3n.<\/li>\n<\/ol>\n\n\n\n<h3 class=\"wp-block-heading\">2. Proceso de evaluaci\u00f3n por pares ciegos<\/h3>\n\n\n\n<p>La secci\u00f3n e Art\u00edculos de la Revista F-ILIA utiliza el sistema de evaluaci\u00f3n externa por expertos (Peer Review), bajo la metodolog\u00eda de pares ciegos (double-blind review). Se respetar\u00e1 irrestrictamente el anonimato de los\/as evaluadores\/as pares y los\/as autores\/as.&nbsp;<\/p>\n\n\n\n<p>A continuaci\u00f3n, se detalla el proceso por el que pasan los art\u00edculos una vez enviados.<\/p>\n\n\n\n<ul class=\"wp-block-list\">\n<li>El art\u00edculo es aceptado por el Consejo Editorial de F-ILIA, tras dictaminar su pertinencia y cumplimiento de las normas establecidas por la publicaci\u00f3n.<\/li>\n\n\n\n<li>Los art\u00edculos aceptados pasan al proceso de evaluaci\u00f3n a trav\u00e9s del sistema arbitral \u201cdoble ciego\u201d. All\u00ed el equipo editorial de F-ILIA, enviar\u00e1 los trabajos a artistas, acad\u00e9micos e investigadores ajenos a la Universidad de las Artes y que cuenten, como m\u00ednimo, con grado superior de maestr\u00eda.<\/li>\n\n\n\n<li>Los evaluadores realizar\u00e1n su dictamen en base a las siguientes opciones\n<ul class=\"wp-block-list\">\n<li>Aceptado<\/li>\n\n\n\n<li>Aceptado con modificaciones<\/li>\n\n\n\n<li>Rechazado<\/li>\n<\/ul>\n<\/li>\n\n\n\n<li>El dictamen valorar\u00e1 si el art\u00edculo es aceptado, tomando en consideraci\u00f3n los siguientes criterios:\n<ul class=\"wp-block-list\">\n<li>Redacci\u00f3n y estructura<\/li>\n\n\n\n<li>Argumentaci\u00f3n y an\u00e1lisis<\/li>\n\n\n\n<li>Fuentes y bibliograf\u00eda<\/li>\n\n\n\n<li>Relevancia e innovaci\u00f3n&nbsp;<\/li>\n<\/ul>\n<\/li>\n\n\n\n<li>El proceso de evaluaci\u00f3n toma un tiempo de aproximadamente 3 a 6 semanas.<\/li>\n\n\n\n<li>En caso de discrepancia en los dict\u00e1menes, el\/la editor\/a tiene la potestad de enviar a un tercer evaluador.<\/li>\n\n\n\n<li>Una vez finalizado el proceso de evaluaci\u00f3n se enviar\u00e1n los dict\u00e1menes a los\/as autores\/as quienes tendr\u00e1n un plazo de 15 d\u00edas laborables para integrar las observaciones y recomendaciones de los evaluadores.<\/li>\n\n\n\n<li>La direcci\u00f3n del Instituto Latinoamericano de Investigaci\u00f3n en Artes y el Consejo Editorial de F-ILIA, autorizan la publicaci\u00f3n final de los art\u00edculos en la revista.<\/li>\n<\/ul>\n\n\n\n<p><em>El <a href=\"https:\/\/ilia.uartes.edu.ec\/\">Instituto Latinoamericano de Investigaci\u00f3n en Artes y la Universidad de las Artes<\/a> garantizan la integridad acad\u00e9mica, transparencia e imparcialidad de este proceso.&nbsp;<\/em><\/p>\n\n\n\n<h3 class=\"wp-block-heading\">3. Pol\u00edticas de Acceso Abierto<\/h3>\n\n\n\n<p><em>Revista F-ILIA<\/em> es una revista de acceso gratuito e inmediato a su contenido y sin cargo para cualquier persona interesada, siguiendo el principio de libre disponibilidad del conocimiento cient\u00edfico. Se puede acceder a su contenido bajo licencia <a href=\"https:\/\/creativecommons.org\/licenses\/by-nc\/4.0\/deed.es\">Creative Commons: Reconocimiento-NoComercial-Compartir Igual (CC BY-NC-SA 4.0)<\/a>.<\/p>\n\n\n\n<p>Los usuarios pueden leer, descargar o vincular a los textos completos de los art\u00edculos, o utilizarlos para cualquier otro prop\u00f3sito legal. En ning\u00fan caso debe de ser utilizado con fines comerciales.<\/p>\n\n\n\n<p>Los autores y autoras conservan los derechos de autor\u00eda y ceden a la revista el derecho de la primera publicaci\u00f3n, con el trabajo registrado bajo <a href=\"https:\/\/creativecommons.org\/licenses\/by-nc\/4.0\/deed.es\">Licencia Atribuci\u00f3n-NoComercial-CompartirIgual 4.0 Internacional (CC BY-NC-SA 4.0<\/a>) que habilita a:&nbsp;<\/p>\n\n\n\n<ul class=\"wp-block-list\">\n<li>Compartir: copiar y redistribuir el material en cualquier medio o formato.<\/li>\n\n\n\n<li>Adaptar: remezclar, transformar y construir a partir del material.<\/li>\n<\/ul>\n\n\n\n<p>Siempre que cumpla con los siguientes requisitos:<\/p>\n\n\n\n<ul class=\"wp-block-list\">\n<li>Atribuci\u00f3n: el \/laautor\/autora debe dar cr\u00e9dito del art\u00edculo manera pertinente y adecuada, as\u00ed como exponer expl\u00edcitamente un enlace a la licencia.<\/li>\n\n\n\n<li>No comercial: el\/la autor\/a no puede hacer uso del material con prop\u00f3sitos comerciales.<\/li>\n\n\n\n<li>Compartir igual: en caso de transformaci\u00f3n del documento original el\/la autor\/a debe distribuir su contribuci\u00f3n bajo la misma licencia del original.<\/li>\n<\/ul>\n\n\n\n<h3 class=\"wp-block-heading\">4. Pol\u00edtica antiplagio<\/h3>\n\n\n\n<p><em>Revista F-ILIA<\/em> tiene una pol\u00edtica antiplagio regida en el c\u00f3digo de \u00e9tica de la Unviersidad de las Artes y que garantiza la originalidad de los escritos. F-ILIA utiliza <em>Compilatio<\/em>, herramienta de detecci\u00f3n de plagio. Si el art\u00edculo contiene plagio total o parcial no ser\u00e1 publicado y ser\u00e1 devuelto al autor con el debido informe de Compilatio.<\/p>\n\n\n\n<h3 class=\"wp-block-heading\">5. Pol\u00edtica de investigaci\u00f3n en artes<\/h3>\n\n\n\n<p><em>Revista F-ILIA<\/em> es una revista de investigaci\u00f3n en artes que tributa a las pol\u00edticas de investigaci\u00f3n de la Universidad de las Artes y del Instituto Latinoamericano de Investigaci\u00f3n en Artes (ILIA). La investigaci\u00f3n en artes no solo implica la producci\u00f3n de textos tradicionalmente acad\u00e9micos, sino que forma parte constitutiva de procesos de creaci\u00f3n de obra art\u00edstica. As\u00ed lo establecen las <a href=\"https:\/\/www.uartes.edu.ec\/sitio\/la-universidad\/investigacion\/\">pol\u00edticas de investigaci\u00f3n de la Universidad de las Artes<\/a>.&nbsp;&nbsp;<\/p>\n\n\n\n<p>Es precisamente por esa pluralidad que nuestra publicaci\u00f3n precautela y reconoce la importancia de mantener altos est\u00e1ndares en t\u00e9rminos de integridad investigativa y calidad del aporte original al campo de las artes. Por ello se exige a los\/as autores\/as que tengan en consideraci\u00f3n los siguientes aspectos:<\/p>\n\n\n\n<ul class=\"wp-block-list\">\n<li>Metodolog\u00eda y marco te\u00f3rico\/art\u00edstico: se insta a los autores\/as de F-ILIA a presentar con claridad de la metodolog\u00eda as\u00ed como del o los enfoques te\u00f3rico\/art\u00edsticos que han sido utilizados para llevar a cabo la investigaci\u00f3n contenida en un trabajo escrito. Los\/as autores\/as deben ser transparentes en cuanto a la utilizaci\u00f3n de esas herramientas.<\/li>\n\n\n\n<li>Sistema de citaci\u00f3n y atribuci\u00f3n: los autores\/as se comprometen a entregar trabajos que establezcan claramente las fuentes utilizadas en el transcurso de la investigaci\u00f3n, tanto de las fuentes primarias, como de las secundarias. El\/la autor\/a debe esclarecer por completo c\u00f3mo han sido utilizadas dichas fuentes para la sustentaci\u00f3n de sus argumentos.<\/li>\n\n\n\n<li>Claridad y coherencia:&nbsp; los trabajos que se publican en F-ILIA deben estar claramente organizados y escritos en un lenguaje que permita acceder sin obst\u00e1culos al contenido del texto. Para ello, los autores deber\u00e1n ce\u00f1irse rigurosamente a la normativa de publicaciones propuesta por la revista, fundamentada en el Manual de Estilo Chicago-Deusto.<\/li>\n<\/ul>\n\n\n\n<h3 class=\"wp-block-heading\">6. Pol\u00edtica de archivo<\/h3>\n\n\n\n<p>Todos los n\u00fameros de Revista F-ILIA se encuentran alojados en el servidor de la Universidad de las Artes y en el sitio web del <a href=\"https:\/\/ilia.uartes.edu.ec\/\">Instituto Latinoamericano de Investigaci\u00f3n en Artes<\/a>.<\/p>\n\n\n\n<p>La revista tambi\u00e9n consta en el repositorio digital de la <a href=\"https:\/\/biblioteca.uartes.edu.ec\/\">Biblioteca de las Artes<\/a>.&nbsp;<\/p>\n","protected":false},"excerpt":{"rendered":"<p>1. Pol\u00edtica de env\u00edos 2. Proceso de evaluaci\u00f3n por pares ciegos La secci\u00f3n e Art\u00edculos de la Revista F-ILIA utiliza el sistema de evaluaci\u00f3n externa por expertos (Peer Review), bajo la metodolog\u00eda de pares ciegos (double-blind review). Se respetar\u00e1 irrestrictamente el anonimato de los\/as evaluadores\/as pares y los\/as autores\/as.&nbsp; A continuaci\u00f3n, se detalla el proceso [&hellip;]<\/p>\n","protected":false},"author":1,"featured_media":0,"parent":0,"menu_order":7,"comment_status":"closed","ping_status":"closed","template":"","meta":{"_uag_custom_page_level_css":"","_monsterinsights_skip_tracking":false,"_monsterinsights_sitenote_active":false,"_monsterinsights_sitenote_note":"","_monsterinsights_sitenote_category":0,"cybocfi_hide_featured_image":"","footnotes":""},"class_list":["post-2454","page","type-page","status-publish","hentry"],"blocksy_meta":[],"uagb_featured_image_src":{"full":false,"thumbnail":false,"medium":false,"medium_large":false,"large":false,"1536x1536":false,"2048x2048":false,"trp-custom-language-flag":false,"tainacan-small":false,"tainacan-medium":false,"tainacan-medium-full":false,"tainacan-large-full":false},"uagb_author_info":{"display_name":"Universidad de las Artes","author_link":"https:\/\/ilia.uartes.edu.ec\/f-ilia\/author\/dircomadm\/"},"uagb_comment_info":0,"uagb_excerpt":"1. Pol\u00edtica de env\u00edos 2. Proceso de evaluaci\u00f3n por pares ciegos La secci\u00f3n e Art\u00edculos de la Revista F-ILIA utiliza el sistema de evaluaci\u00f3n externa por expertos (Peer Review), bajo la metodolog\u00eda de pares ciegos (double-blind review). Se respetar\u00e1 irrestrictamente el anonimato de los\/as evaluadores\/as pares y los\/as autores\/as.&nbsp; A continuaci\u00f3n, se detalla el proceso&hellip;","distributor_meta":false,"distributor_terms":false,"distributor_media":false,"distributor_original_site_name":"Revista F-ILIA - Investigaci\u00f3n, Arte y Memoria","distributor_original_site_url":"https:\/\/ilia.uartes.edu.ec\/f-ilia","push-errors":false,"_links":{"self":[{"href":"https:\/\/ilia.uartes.edu.ec\/f-ilia\/wp-json\/wp\/v2\/pages\/2454","targetHints":{"allow":["GET"]}}],"collection":[{"href":"https:\/\/ilia.uartes.edu.ec\/f-ilia\/wp-json\/wp\/v2\/pages"}],"about":[{"href":"https:\/\/ilia.uartes.edu.ec\/f-ilia\/wp-json\/wp\/v2\/types\/page"}],"author":[{"embeddable":true,"href":"https:\/\/ilia.uartes.edu.ec\/f-ilia\/wp-json\/wp\/v2\/users\/1"}],"replies":[{"embeddable":true,"href":"https:\/\/ilia.uartes.edu.ec\/f-ilia\/wp-json\/wp\/v2\/comments?post=2454"}],"version-history":[{"count":7,"href":"https:\/\/ilia.uartes.edu.ec\/f-ilia\/wp-json\/wp\/v2\/pages\/2454\/revisions"}],"predecessor-version":[{"id":3096,"href":"https:\/\/ilia.uartes.edu.ec\/f-ilia\/wp-json\/wp\/v2\/pages\/2454\/revisions\/3096"}],"wp:attachment":[{"href":"https:\/\/ilia.uartes.edu.ec\/f-ilia\/wp-json\/wp\/v2\/media?parent=2454"}],"curies":[{"name":"wp","href":"https:\/\/api.w.org\/{rel}","templated":true}]}}