{"id":2500,"date":"2022-07-29T15:57:41","date_gmt":"2023-07-12T19:02:13","guid":{"rendered":"https:\/\/ilia.uartes.edu.ec\/f-ilia\/?page_id=2500"},"modified":"2026-03-13T10:43:08","modified_gmt":"2026-03-13T15:43:08","slug":"inicio-5","status":"publish","type":"page","link":"https:\/\/ilia.uartes.edu.ec\/f-ilia\/en\/3-abril-septiembre-2021\/","title":{"rendered":"No. 3 \u2013 Abril 2021"},"content":{"rendered":"\n<div class=\"wp-block-columns is-layout-flex wp-container-core-columns-is-layout-2aa49d08 wp-block-columns-is-layout-flex\" style=\"padding-top:var(--wp--preset--spacing--50);padding-right:var(--wp--preset--spacing--50);padding-bottom:var(--wp--preset--spacing--50);padding-left:var(--wp--preset--spacing--50)\">\n<div class=\"wp-block-column is-layout-flow wp-block-column-is-layout-flow\" style=\"flex-basis:30%\">\n<div class=\"wp-block-tainacan-dynamic-items-list\" data-module=\"dynamic-items-list\" data-search-url=\"\" data-selected-items=\"[&quot;2319&quot;]\" data-collection-id=\"2252\" data-show-image=\"true\" data-show-name=\"true\" data-show-search-bar=\"false\" data-show-collection-header=\"false\" data-show-collection-label=\"false\" data-image-size=\"large\" data-layout=\"grid\" data-load-strategy=\"selection\" data-mosaic-height=\"280\" data-mosaic-density=\"5\" data-mosaic-grid-rows=\"3\" data-mosaic-grid-columns=\"3\" data-mosaic-item-focal-point-x=\"0.5\" data-mosaic-item-focal-point-y=\"0.5\" data-max-columns-count=\"1\" data-collection-background-color=\"#454647\" data-collection-text-color=\"#ffffff\" data-grid-margin=\"0\" data-max-items-number=\"12\" data-order=\"\" data-order-by=\"date\" data-order-by-meta-key=\"\" data-tainacan-api-root=\"https:\/\/ilia.uartes.edu.ec\/f-ilia\/wp-json\/tainacan\/v2\" id=\"wp-block-tainacan-dynamic-items-list_ba10f4a4-c769-4afc-b818-697e54f59e25\"><div><\/div><\/div>\n\n\n\n<div class=\"wp-block-buttons alignwide is-content-justification-center is-layout-flex wp-container-core-buttons-is-layout-a89b3969 wp-block-buttons-is-layout-flex\">\n<div class=\"wp-block-button\"><a class=\"wp-block-button__link wp-element-button\" href=\"https:\/\/www.uartes.edu.ec\/sitio\/?wpdmdl=50441\">Descarga el n\u00famero completo<\/a><\/div>\n<\/div>\n<\/div>\n\n\n\n<div class=\"wp-block-column is-layout-flow wp-block-column-is-layout-flow\">\n<h3 class=\"wp-block-heading\">Arte, educaci\u00f3n y ciudadan\u00eda<\/h3>\n\n\n\n<h4 class=\"wp-block-heading\">Art\u00edculos<\/h4>\n\n\n\n<p><a href=\"https:\/\/ilia.uartes.edu.ec\/f-ilia\/articulos\/desenhos-politicos-como-propagar-circulos-e-combinar-circuitos\/\">Desenhos pol\u00edticos: como propagar c\u00edrculos e combinar circuitos<\/a><br>Denise Bandeira<\/p>\n\n\n\n<p><a href=\"https:\/\/ilia.uartes.edu.ec\/f-ilia\/articulos\/microutopia-e-jogo-brincadeirauma-analise-da-proposicao-de-allan-kaprow\/\">Microutopia e jogo-brincadeira:Uma an\u00e1lise da proposi\u00e7\u00e3o de Allan Kaprow<\/a><br>Denise Bandeira | Julia Pereira de Souza<\/p>\n\n\n\n<p><a href=\"https:\/\/ilia.uartes.edu.ec\/f-ilia\/articulos\/la-mediacion-cultural-apuntes-para-un-enfoque-latinoamericano\/\">La mediaci\u00f3n cultural: apuntes para un enfoque latinoamericano<\/a><br>Dami\u00e1n Del Valle<\/p>\n\n\n\n<p><a href=\"https:\/\/ilia.uartes.edu.ec\/f-ilia\/articulos\/arte-educacion-y-pandemia-dialogos-y-aprendizajes-colaborativos-en-linea-entre-bolivia-y-ecuador\/\">Arte, educaci\u00f3n y pandemia: di\u00e1logos y aprendizajes colaborativos en l\u00ednea entre Bolivia y Ecuador<\/a><br>Juan Fabbri Zeballos<\/p>\n\n\n\n<p><a href=\"https:\/\/ilia.uartes.edu.ec\/f-ilia\/articulos\/arte-conocimiento-y-ciudadania-en-la-formacion-docente\/\">Arte, conocimiento y ciudadan\u00eda en la formaci\u00f3n docente<\/a><br>Flora Hillert | Victoria Orce<\/p>\n\n\n\n<p><a href=\"https:\/\/ilia.uartes.edu.ec\/f-ilia\/articulos\/educacion-artistica-superior-proyectos-colectivos-interdisciplinares\/\">Educaci\u00f3n art\u00edstica superior: proyectos colectivos interdisciplinares<\/a><br>Aurora Lechuga Rodr\u00edguez<\/p>\n\n\n\n<p><a href=\"https:\/\/ilia.uartes.edu.ec\/f-ilia\/articulos\/teatralizando-la-educacion-experiencia-con-actores-y-espectadores-ciegos\/\">Teatralizando la educaci\u00f3n: experiencia con actores y espectadores ciegos<\/a><br>Juliana Terezinha Partvka | Robson Rosseto<\/p>\n\n\n\n<p><a href=\"https:\/\/ilia.uartes.edu.ec\/f-ilia\/articulos\/crear-y-educar-el-quehacer-de-artistas-docentes-en-una-propuesta-de-formacion-en-educacion-artistica\/\">Crear y educar. El quehacer de artistas-docentes en una propuesta de formaci\u00f3n en educaci\u00f3n art\u00edstica<\/a><br>Rosa Mar\u00eda Guadalupe Rivera Garc\u00eda<\/p>\n\n\n\n<p><a href=\"https:\/\/ilia.uartes.edu.ec\/f-ilia\/articulos\/de-luciernagas-cigarras-y-hormigas-practicas-de-resistencia-de-la-danza-en-argentina\/\">De luci\u00e9rnagas, cigarras y hormigas. Pr\u00e1cticas de resistencia de la danza en Argentina<\/a><br>Susana Tambutti<\/p>\n<\/div>\n<\/div>\n\n\n\n<div class=\"wp-block-columns is-layout-flex wp-container-core-columns-is-layout-2aa49d08 wp-block-columns-is-layout-flex\" style=\"padding-top:var(--wp--preset--spacing--50);padding-right:var(--wp--preset--spacing--50);padding-bottom:var(--wp--preset--spacing--50);padding-left:var(--wp--preset--spacing--50)\">\n<div class=\"wp-block-column is-layout-flow wp-block-column-is-layout-flow\">\n<h4 class=\"wp-block-heading\">Texturas<\/h4>\n\n\n\n<p><a href=\"https:\/\/ilia.uartes.edu.ec\/f-ilia\/texturas\/apuntes-en-torno-al-arte-la-ciencia-y-la-complejidad\/\">Apuntes en torno al arte, la ciencia y la complejidad<\/a><br>Manolo Cocho<\/p>\n\n\n\n<p><a href=\"https:\/\/ilia.uartes.edu.ec\/f-ilia\/texturas\/arte-educacion-y-ciudadania-un-dialogo-entre-rosa-ines-padilla-y-martin-torres\/\">Arte, educaci\u00f3n y ciudadan\u00eda Un di\u00e1logo entre Rosa In\u00e9s Padilla y Mart\u00edn Torres<\/a><br>Mart\u00edn Torres | Rosa In\u00e9s Padilla<\/p>\n\n\n\n<p><a href=\"https:\/\/ilia.uartes.edu.ec\/f-ilia\/texturas\/revuelta-vitalista\/\">Revuelta vitalista<\/a><br>Dermis Le\u00f3n<\/p>\n\n\n\n<p><a href=\"https:\/\/ilia.uartes.edu.ec\/f-ilia\/texturas\/la-cruz-del-tiempo-narrativa-transmedia-sobre-el-calendario-solar-andino\/\">La cruz del tiempo: narrativa transmedia sobre el calendario solar andino<\/a><br>Gustavo Guayasam\u00edn Crespo | Laura Ram\u00edrez Ruiz | Mateo Guayasam\u00edn Mogrovejo<\/p>\n\n\n\n<p><a href=\"https:\/\/ilia.uartes.edu.ec\/f-ilia\/texturas\/creacion-de-un-espacio-multicultural-festival-concha-acustica-villa-flora\/\">Creaci\u00f3n de un espacio multicultural: festival \u201cConcha Ac\u00fastica, Villa Flora\u201d<\/a><br>Fernando Tamayo<\/p>\n\n\n\n<p><a href=\"https:\/\/ilia.uartes.edu.ec\/f-ilia\/texturas\/labeducine-entrevista-adriana-fresquet\/\">LabEducine entrevista Adriana Fresquet<\/a><br>Dra. Solange Stecz<\/p>\n<\/div>\n\n\n\n<div class=\"wp-block-column is-layout-flow wp-block-column-is-layout-flow\">\n<h4 class=\"wp-block-heading\">Contrapunteos<\/h4>\n\n\n\n<p><a href=\"https:\/\/ilia.uartes.edu.ec\/f-ilia\/contrapunteos\/arte-urbano\/\">Arte urbano<\/a><br>David Hidalgo | Ivanna Santoro | Lupe \u00c1lvarez | Mar\u00eda Fernanda L\u00f3pez<\/p>\n\n\n\n<h4 class=\"wp-block-heading\">Entrevistas<\/h4>\n\n\n\n<p><a href=\"https:\/\/ilia.uartes.edu.ec\/f-ilia\/entrevistas\/universidades-en-artes-en-america-latina-origenes-tensiones-y-devenires\/\">Universidades en Artes en Am\u00e9rica Latina: or\u00edgenes, tensiones y devenires<\/a><br>Pablo Cardoso<\/p>\n<\/div>\n<\/div>\n\n\n<div class=\"wp-block-post-views-counter-post-views\"><div class=\"post-views content-post post-2500 entry-meta load-static\">\r\n\t\t\t\t<span class=\"post-views-icon dashicons dashicons-chart-bar\"><\/span> <span class=\"post-views-label\">Vistas:<\/span> <span class=\"post-views-count\">8<\/span>\r\n\t\t\t<\/div><\/div>","protected":false},"excerpt":{"rendered":"<p>La tercera entrega de la Revista F-ILIA ha sido dedicada y coordinada con el Grupo de Trabajo del Consejo Latinoamericano de Ciencias Sociales (CLACSO) \u201cArtes, Educaci\u00f3n y\u00a0 Ciudadan\u00eda\u201d establecido para el periodo 2019-2022.<\/p>","protected":false},"author":1,"featured_media":1101,"parent":0,"menu_order":2,"comment_status":"open","ping_status":"closed","template":"","meta":{"_uag_custom_page_level_css":"","_monsterinsights_skip_tracking":false,"_monsterinsights_sitenote_active":false,"_monsterinsights_sitenote_note":"","_monsterinsights_sitenote_category":0,"cybocfi_hide_featured_image":"","footnotes":""},"class_list":["post-2500","page","type-page","status-publish","has-post-thumbnail","hentry"],"blocksy_meta":{"styles_descriptor":{"styles":{"desktop":"","tablet":"","mobile":""},"google_fonts":[],"version":6}},"uagb_featured_image_src":{"full":["https:\/\/ilia.uartes.edu.ec\/f-ilia\/wp-content\/uploads\/sites\/28\/2023\/02\/FILIA-03-portada.png",708,1000,false],"thumbnail":["https:\/\/ilia.uartes.edu.ec\/f-ilia\/wp-content\/uploads\/sites\/28\/2023\/02\/FILIA-03-portada-150x150.png",150,150,true],"medium":["https:\/\/ilia.uartes.edu.ec\/f-ilia\/wp-content\/uploads\/sites\/28\/2023\/02\/FILIA-03-portada-212x300.png",212,300,true],"medium_large":["https:\/\/ilia.uartes.edu.ec\/f-ilia\/wp-content\/uploads\/sites\/28\/2023\/02\/FILIA-03-portada.png",708,1000,false],"large":["https:\/\/ilia.uartes.edu.ec\/f-ilia\/wp-content\/uploads\/sites\/28\/2023\/02\/FILIA-03-portada.png",708,1000,false],"1536x1536":["https:\/\/ilia.uartes.edu.ec\/f-ilia\/wp-content\/uploads\/sites\/28\/2023\/02\/FILIA-03-portada.png",708,1000,false],"2048x2048":["https:\/\/ilia.uartes.edu.ec\/f-ilia\/wp-content\/uploads\/sites\/28\/2023\/02\/FILIA-03-portada.png",708,1000,false],"trp-custom-language-flag":["https:\/\/ilia.uartes.edu.ec\/f-ilia\/wp-content\/uploads\/sites\/28\/2023\/02\/FILIA-03-portada.png",8,12,false],"tainacan-small":["https:\/\/ilia.uartes.edu.ec\/f-ilia\/wp-content\/uploads\/sites\/28\/2023\/02\/FILIA-03-portada-40x40.png",40,40,true],"tainacan-medium":["https:\/\/ilia.uartes.edu.ec\/f-ilia\/wp-content\/uploads\/sites\/28\/2023\/02\/FILIA-03-portada-275x275.png",275,275,true],"tainacan-medium-full":["https:\/\/ilia.uartes.edu.ec\/f-ilia\/wp-content\/uploads\/sites\/28\/2023\/02\/FILIA-03-portada-205x290.png",205,290,true],"tainacan-large-full":["https:\/\/ilia.uartes.edu.ec\/f-ilia\/wp-content\/uploads\/sites\/28\/2023\/02\/FILIA-03-portada-480x678.png",480,678,true]},"uagb_author_info":{"display_name":"Universidad de las Artes","author_link":"https:\/\/ilia.uartes.edu.ec\/f-ilia\/en\/author\/dircomadm\/"},"uagb_comment_info":0,"uagb_excerpt":"La tercera entrega de la Revista F-ILIA ha sido dedicada y coordinada con el Grupo de Trabajo del Consejo Latinoamericano de Ciencias Sociales (CLACSO) \u201cArtes, Educaci\u00f3n y\u00a0 Ciudadan\u00eda\u201d establecido para el periodo 2019-2022.","distributor_meta":false,"distributor_terms":false,"distributor_media":false,"distributor_original_site_name":"Revista F-ILIA - Investigaci\u00f3n, Arte y Memoria","distributor_original_site_url":"https:\/\/ilia.uartes.edu.ec\/f-ilia\/en","push-errors":false,"_links":{"self":[{"href":"https:\/\/ilia.uartes.edu.ec\/f-ilia\/en\/wp-json\/wp\/v2\/pages\/2500","targetHints":{"allow":["GET"]}}],"collection":[{"href":"https:\/\/ilia.uartes.edu.ec\/f-ilia\/en\/wp-json\/wp\/v2\/pages"}],"about":[{"href":"https:\/\/ilia.uartes.edu.ec\/f-ilia\/en\/wp-json\/wp\/v2\/types\/page"}],"author":[{"embeddable":true,"href":"https:\/\/ilia.uartes.edu.ec\/f-ilia\/en\/wp-json\/wp\/v2\/users\/1"}],"replies":[{"embeddable":true,"href":"https:\/\/ilia.uartes.edu.ec\/f-ilia\/en\/wp-json\/wp\/v2\/comments?post=2500"}],"version-history":[{"count":8,"href":"https:\/\/ilia.uartes.edu.ec\/f-ilia\/en\/wp-json\/wp\/v2\/pages\/2500\/revisions"}],"predecessor-version":[{"id":5421,"href":"https:\/\/ilia.uartes.edu.ec\/f-ilia\/en\/wp-json\/wp\/v2\/pages\/2500\/revisions\/5421"}],"wp:featuredmedia":[{"embeddable":true,"href":"https:\/\/ilia.uartes.edu.ec\/f-ilia\/en\/wp-json\/wp\/v2\/media\/1101"}],"wp:attachment":[{"href":"https:\/\/ilia.uartes.edu.ec\/f-ilia\/en\/wp-json\/wp\/v2\/media?parent=2500"}],"curies":[{"name":"wp","href":"https:\/\/api.w.org\/{rel}","templated":true}]}}