{"id":2499,"date":"2022-07-29T15:57:41","date_gmt":"2023-07-12T19:15:16","guid":{"rendered":"https:\/\/ilia.uartes.edu.ec\/f-ilia\/?page_id=2499"},"modified":"2026-03-13T10:41:21","modified_gmt":"2026-03-13T15:41:21","slug":"inicio-6","status":"publish","type":"page","link":"https:\/\/ilia.uartes.edu.ec\/f-ilia\/en\/2-octubre-2020-marzo-2021\/","title":{"rendered":"No. 2 \u2013 Octubre 2020"},"content":{"rendered":"\n<div class=\"wp-block-columns is-layout-flex wp-container-core-columns-is-layout-2aa49d08 wp-block-columns-is-layout-flex\" style=\"padding-top:var(--wp--preset--spacing--50);padding-right:var(--wp--preset--spacing--50);padding-bottom:var(--wp--preset--spacing--50);padding-left:var(--wp--preset--spacing--50)\">\n<div class=\"wp-block-column is-layout-flow wp-block-column-is-layout-flow\" style=\"flex-basis:30%\">\n<div class=\"wp-block-tainacan-dynamic-items-list\" data-module=\"dynamic-items-list\" data-search-url=\"\" data-selected-items=\"[&quot;2311&quot;]\" data-collection-id=\"2252\" data-show-image=\"true\" data-show-name=\"true\" data-show-search-bar=\"false\" data-show-collection-header=\"false\" data-show-collection-label=\"false\" data-image-size=\"large\" data-layout=\"grid\" data-load-strategy=\"selection\" data-mosaic-height=\"280\" data-mosaic-density=\"5\" data-mosaic-grid-rows=\"3\" data-mosaic-grid-columns=\"3\" data-mosaic-item-focal-point-x=\"0.5\" data-mosaic-item-focal-point-y=\"0.5\" data-max-columns-count=\"1\" data-collection-background-color=\"#454647\" data-collection-text-color=\"#ffffff\" data-grid-margin=\"0\" data-max-items-number=\"12\" data-order=\"\" data-order-by=\"date\" data-order-by-meta-key=\"\" data-tainacan-api-root=\"https:\/\/ilia.uartes.edu.ec\/f-ilia\/wp-json\/tainacan\/v2\" id=\"wp-block-tainacan-dynamic-items-list_38db5fa5-c454-425a-93f3-f003370b24bb\"><div><\/div><\/div>\n\n\n\n<div class=\"wp-block-buttons alignwide is-content-justification-center is-layout-flex wp-container-core-buttons-is-layout-a89b3969 wp-block-buttons-is-layout-flex\">\n<div class=\"wp-block-button\"><a class=\"wp-block-button__link wp-element-button\" href=\"https:\/\/www.uartes.edu.ec\/sitio\/?wpdmdl=50442\">Descarga el n\u00famero completo<\/a><\/div>\n<\/div>\n<\/div>\n\n\n\n<div class=\"wp-block-column is-layout-flow wp-block-column-is-layout-flow\">\n<h3 class=\"wp-block-heading\">Ciudad y pandemia: escrituras <\/h3>\n\n\n\n<h4 class=\"wp-block-heading\">Art\u00edculos<\/h4>\n\n\n\n<p><a href=\"https:\/\/ilia.uartes.edu.ec\/f-ilia\/articulos\/diario-de-una-pandemia-o-las-siniestras-relaciones-entre-aislamiento-y-nocion-de-gasto\/\">Diario de una pandemia, o las siniestras relaciones entre aislamiento y noci\u00f3n de gasto&nbsp;<\/a><br>Amalina Bomnin<\/p>\n\n\n\n<p><a href=\"https:\/\/ilia.uartes.edu.ec\/f-ilia\/articulos\/covid-19-tecnologia-y-poder-los-peligros-del-optimismo-tecnologico-y-el-surgimiento-del-omnioptico-global\/\">COVID-19, tecnolog\u00eda y poder: los peligros del optimismo tecnol\u00f3gico y el surgimiento del omni\u00f3ptico global&nbsp;<\/a><br>Henry Ch\u00e1vez<\/p>\n\n\n\n<p><a href=\"https:\/\/ilia.uartes.edu.ec\/f-ilia\/articulos\/esteticas-de-la-pandemia-es-posible-una-reinvencion-de-lo-urbano-en-la-que-la-creacion-artistica-promueva-nuevos-derechos-a-la-ciudad\/\">Est\u00e9ticas de la pandemia: \u00bfes posible una reinvenci\u00f3n de lo urbano en la que la creaci\u00f3n art\u00edstica promueva nuevos derechos a la ciudad?<\/a><br>M\u00f3nica Lacarrieu<\/p>\n\n\n\n<p><a href=\"https:\/\/ilia.uartes.edu.ec\/f-ilia\/articulos\/la-ciudad-o-la-pregunta-por-la-megamaquina\/\">La ciudad o la pregunta por la megam\u00e1quina&nbsp;<\/a><br>Patricio Landaeta Mardones<\/p>\n\n\n\n<p><a href=\"https:\/\/ilia.uartes.edu.ec\/f-ilia\/articulos\/antibolivarianismo-y-ecuatorianidad-dos-factores-determinantes-en-la-historia-de-la-musica-de-narino\/\">Antibolivarianismo y ecuatorianidad: Dos factores determinantes en la historia de la m\u00fasica de Nari\u00f1o&nbsp;<\/a><br>Luis Gabriel Mesa Mart\u00ednez<\/p>\n<\/div>\n<\/div>\n\n\n\n<div class=\"wp-block-columns is-layout-flex wp-container-core-columns-is-layout-2aa49d08 wp-block-columns-is-layout-flex\" style=\"padding-top:var(--wp--preset--spacing--50);padding-right:var(--wp--preset--spacing--50);padding-bottom:var(--wp--preset--spacing--50);padding-left:var(--wp--preset--spacing--50)\">\n<div class=\"wp-block-column is-layout-flow wp-block-column-is-layout-flow\">\n<h4 class=\"wp-block-heading\">Texturas<\/h4>\n\n\n\n<p><a href=\"https:\/\/ilia.uartes.edu.ec\/f-ilia\/texturas\/parentesco-marica\/\">Parentesco marica<\/a><br>Jordy de los Milagros Robles<\/p>\n\n\n\n<p><a href=\"https:\/\/ilia.uartes.edu.ec\/f-ilia\/texturas\/ecuador-amargo\/\">Ecuador amargo<\/a><br>Daniela Zurita | Diego Ledesma Garc\u00eda<\/p>\n\n\n\n<p><a href=\"https:\/\/ilia.uartes.edu.ec\/f-ilia\/texturas\/acercamiento-a-lo-insostenible\/\">Acercamiento a lo insostenible<\/a><br>Alejandro Ch. Mosquera<\/p>\n<\/div>\n\n\n\n<div class=\"wp-block-column is-layout-flow wp-block-column-is-layout-flow\">\n<h4 class=\"wp-block-heading\">Contrapunteos<\/h4>\n\n\n\n<p><a href=\"https:\/\/ilia.uartes.edu.ec\/f-ilia\/contrapunteos\/ciudad-y-pandemia-escrituras-de-la-catastrofe\/\">Ciudad y pandemia. Escrituras de la cat\u00e1strofe<\/a><br>Carlos Ter\u00e1n | Jaime N\u00fa\u00f1ez del Arco | Mar\u00eda Auxiliadora Balladares<\/p>\n\n\n\n<h4 class=\"wp-block-heading\">Entrevistas<\/h4>\n\n\n\n<p><a href=\"https:\/\/ilia.uartes.edu.ec\/f-ilia\/entrevistas\/ciudad-y-pandemia-una-mirada-a-guayaquil-desde-los-afectos-y-las-practicas-artisticas-entrevista-a-ana-rosa-valdez\/\">Ciudad y Pandemia: Una mirada a Guayaquil desde los afectos y las pr\u00e1cticas art\u00edsticas Entrevista a Ana Rosa Valdez<\/a><br>Andrea Alejandro Freire<\/p>\n<\/div>\n<\/div>\n\n\n<div class=\"wp-block-post-views-counter-post-views\"><div class=\"post-views content-post post-2499 entry-meta load-static\">\r\n\t\t\t\t<span class=\"post-views-icon dashicons dashicons-chart-bar\"><\/span> <span class=\"post-views-label\">Vistas:<\/span> <span class=\"post-views-count\">7<\/span>\r\n\t\t\t<\/div><\/div>","protected":false},"excerpt":{"rendered":"<p>Este nu\u0301mero de F-ILIA rinde un homenaje a la ciudad de Guayaquil en el an\u0303o de su bicentenario de independencia y tras los escalofriantes sucesos ocurridos en los meses de marzo y abril a causa de la pandemia COVID-19.<\/p>","protected":false},"author":1,"featured_media":1100,"parent":0,"menu_order":1,"comment_status":"open","ping_status":"closed","template":"","meta":{"_uag_custom_page_level_css":"","_monsterinsights_skip_tracking":false,"_monsterinsights_sitenote_active":false,"_monsterinsights_sitenote_note":"","_monsterinsights_sitenote_category":0,"cybocfi_hide_featured_image":"","footnotes":""},"class_list":["post-2499","page","type-page","status-publish","has-post-thumbnail","hentry"],"blocksy_meta":{"styles_descriptor":{"styles":{"desktop":"","tablet":"","mobile":""},"google_fonts":[],"version":6}},"uagb_featured_image_src":{"full":["https:\/\/ilia.uartes.edu.ec\/f-ilia\/wp-content\/uploads\/sites\/28\/2023\/02\/FILIA-02-portada.png",708,1000,false],"thumbnail":["https:\/\/ilia.uartes.edu.ec\/f-ilia\/wp-content\/uploads\/sites\/28\/2023\/02\/FILIA-02-portada-150x150.png",150,150,true],"medium":["https:\/\/ilia.uartes.edu.ec\/f-ilia\/wp-content\/uploads\/sites\/28\/2023\/02\/FILIA-02-portada-212x300.png",212,300,true],"medium_large":["https:\/\/ilia.uartes.edu.ec\/f-ilia\/wp-content\/uploads\/sites\/28\/2023\/02\/FILIA-02-portada.png",708,1000,false],"large":["https:\/\/ilia.uartes.edu.ec\/f-ilia\/wp-content\/uploads\/sites\/28\/2023\/02\/FILIA-02-portada.png",708,1000,false],"1536x1536":["https:\/\/ilia.uartes.edu.ec\/f-ilia\/wp-content\/uploads\/sites\/28\/2023\/02\/FILIA-02-portada.png",708,1000,false],"2048x2048":["https:\/\/ilia.uartes.edu.ec\/f-ilia\/wp-content\/uploads\/sites\/28\/2023\/02\/FILIA-02-portada.png",708,1000,false],"trp-custom-language-flag":["https:\/\/ilia.uartes.edu.ec\/f-ilia\/wp-content\/uploads\/sites\/28\/2023\/02\/FILIA-02-portada.png",8,12,false],"tainacan-small":["https:\/\/ilia.uartes.edu.ec\/f-ilia\/wp-content\/uploads\/sites\/28\/2023\/02\/FILIA-02-portada-40x40.png",40,40,true],"tainacan-medium":["https:\/\/ilia.uartes.edu.ec\/f-ilia\/wp-content\/uploads\/sites\/28\/2023\/02\/FILIA-02-portada-275x275.png",275,275,true],"tainacan-medium-full":["https:\/\/ilia.uartes.edu.ec\/f-ilia\/wp-content\/uploads\/sites\/28\/2023\/02\/FILIA-02-portada-205x290.png",205,290,true],"tainacan-large-full":["https:\/\/ilia.uartes.edu.ec\/f-ilia\/wp-content\/uploads\/sites\/28\/2023\/02\/FILIA-02-portada-480x678.png",480,678,true]},"uagb_author_info":{"display_name":"Universidad de las Artes","author_link":"https:\/\/ilia.uartes.edu.ec\/f-ilia\/en\/author\/dircomadm\/"},"uagb_comment_info":0,"uagb_excerpt":"Este nu\u0301mero de F-ILIA rinde un homenaje a la ciudad de Guayaquil en el an\u0303o de su bicentenario de independencia y tras los escalofriantes sucesos ocurridos en los meses de marzo y abril a causa de la pandemia COVID-19.","distributor_meta":false,"distributor_terms":false,"distributor_media":false,"distributor_original_site_name":"Revista F-ILIA - Investigaci\u00f3n, Arte y Memoria","distributor_original_site_url":"https:\/\/ilia.uartes.edu.ec\/f-ilia\/en","push-errors":false,"_links":{"self":[{"href":"https:\/\/ilia.uartes.edu.ec\/f-ilia\/en\/wp-json\/wp\/v2\/pages\/2499","targetHints":{"allow":["GET"]}}],"collection":[{"href":"https:\/\/ilia.uartes.edu.ec\/f-ilia\/en\/wp-json\/wp\/v2\/pages"}],"about":[{"href":"https:\/\/ilia.uartes.edu.ec\/f-ilia\/en\/wp-json\/wp\/v2\/types\/page"}],"author":[{"embeddable":true,"href":"https:\/\/ilia.uartes.edu.ec\/f-ilia\/en\/wp-json\/wp\/v2\/users\/1"}],"replies":[{"embeddable":true,"href":"https:\/\/ilia.uartes.edu.ec\/f-ilia\/en\/wp-json\/wp\/v2\/comments?post=2499"}],"version-history":[{"count":8,"href":"https:\/\/ilia.uartes.edu.ec\/f-ilia\/en\/wp-json\/wp\/v2\/pages\/2499\/revisions"}],"predecessor-version":[{"id":5420,"href":"https:\/\/ilia.uartes.edu.ec\/f-ilia\/en\/wp-json\/wp\/v2\/pages\/2499\/revisions\/5420"}],"wp:featuredmedia":[{"embeddable":true,"href":"https:\/\/ilia.uartes.edu.ec\/f-ilia\/en\/wp-json\/wp\/v2\/media\/1100"}],"wp:attachment":[{"href":"https:\/\/ilia.uartes.edu.ec\/f-ilia\/en\/wp-json\/wp\/v2\/media?parent=2499"}],"curies":[{"name":"wp","href":"https:\/\/api.w.org\/{rel}","templated":true}]}}