{"id":2498,"date":"2022-07-29T15:57:41","date_gmt":"2023-07-12T17:56:01","guid":{"rendered":"https:\/\/ilia.uartes.edu.ec\/f-ilia\/?page_id=2498"},"modified":"2026-03-13T10:49:03","modified_gmt":"2026-03-13T15:49:03","slug":"inicio-4","status":"publish","type":"page","link":"https:\/\/ilia.uartes.edu.ec\/f-ilia\/en\/4-ii-semestre-octubre-2021\/","title":{"rendered":"No. 4 \u2013 Octubre 2021"},"content":{"rendered":"\n<div class=\"wp-block-columns is-layout-flex wp-container-core-columns-is-layout-2aa49d08 wp-block-columns-is-layout-flex\" style=\"padding-top:var(--wp--preset--spacing--50);padding-right:var(--wp--preset--spacing--50);padding-bottom:var(--wp--preset--spacing--50);padding-left:var(--wp--preset--spacing--50)\">\n<div class=\"wp-block-column is-layout-flow wp-block-column-is-layout-flow\" style=\"flex-basis:30%\">\n<div class=\"wp-block-tainacan-dynamic-items-list\" data-module=\"dynamic-items-list\" data-search-url=\"\" data-selected-items=\"[&quot;2330&quot;]\" data-collection-id=\"2252\" data-show-image=\"true\" data-show-name=\"true\" data-show-search-bar=\"false\" data-show-collection-header=\"false\" data-show-collection-label=\"false\" data-image-size=\"large\" data-layout=\"grid\" data-load-strategy=\"selection\" data-mosaic-height=\"280\" data-mosaic-density=\"5\" data-mosaic-grid-rows=\"3\" data-mosaic-grid-columns=\"3\" data-mosaic-item-focal-point-x=\"0.5\" data-mosaic-item-focal-point-y=\"0.5\" data-max-columns-count=\"1\" data-collection-background-color=\"#454647\" data-collection-text-color=\"#ffffff\" data-grid-margin=\"0\" data-max-items-number=\"12\" data-order=\"\" data-order-by=\"date\" data-order-by-meta-key=\"\" data-tainacan-api-root=\"https:\/\/ilia.uartes.edu.ec\/f-ilia\/wp-json\/tainacan\/v2\" id=\"wp-block-tainacan-dynamic-items-list_9c74ab53-d17b-46f7-8f1e-a44179e6558c\"><div><\/div><\/div>\n\n\n\n<div class=\"wp-block-buttons alignwide is-content-justification-center is-layout-flex wp-container-core-buttons-is-layout-a89b3969 wp-block-buttons-is-layout-flex\">\n<div class=\"wp-block-button\"><a class=\"wp-block-button__link wp-element-button\" href=\"https:\/\/www.uartes.edu.ec\/sitio\/?wpdmdl=50440\">Descarga el n\u00famero completo<\/a><\/div>\n<\/div>\n<\/div>\n\n\n\n<div class=\"wp-block-column is-layout-flow wp-block-column-is-layout-flow\">\n<h4 class=\"wp-block-heading\">Art\u00edculos<\/h4>\n\n\n\n<p><a href=\"https:\/\/ilia.uartes.edu.ec\/f-ilia\/articulos\/el-oido-extendido-cuando-la-ciudad-se-transfigura-con-las-tecnologias-digitales\/\">El o\u00eddo extendido: Cuando la ciudad se transfigura con las tecnologias digitales<\/a><br>Renzo Filinich Orozco<\/p>\n\n\n\n<p><a href=\"https:\/\/ilia.uartes.edu.ec\/f-ilia\/articulos\/ukhu-pacha-an-electroacoustic-music-composition-based-on-the-pre-columbian-fututo-waylla-kepa-instruments\/\">Ukhu Pacha an electroacoustic music composition based on the pre-columbian fututo\/ waylla kepa instruments<\/a><br>Jorge Gregorio Garc\u00eda Moncada<\/p>\n\n\n\n<p><a href=\"https:\/\/ilia.uartes.edu.ec\/f-ilia\/articulos\/tecnologia-libre-para-una-musica-libre-es-posible-construir-un-sistema-de-produccion-musical-alternativo\/\">Tecnolog\u00eda libre para una m\u00fasica libre \u00bfEs posible construir un sistema de producci\u00f3n musical alternativo?<\/a><br>Jorge David Garc\u00eda<\/p>\n\n\n\n<p><a href=\"https:\/\/ilia.uartes.edu.ec\/f-ilia\/articulos\/complejidad-en-producciones-musicales-interdisciplinarias-basadas-en-disenos-sonoros\/\">Complejidad en producciones musicales interdisciplinarias basadas en dise\u00f1os sonoros<\/a><br>Aurora Lechuga Rodr\u00edguez<\/p>\n\n\n\n<p><a href=\"https:\/\/ilia.uartes.edu.ec\/f-ilia\/articulos\/el-paisaje-sonoro-de-la-ciudad-de-cali-como-posibilidad-creativa-investigacion-artistica-autoetnografica-de-actos-sonoros-en-espacios-publicos\/\">El Paisaje Sonoro de la Ciudad de Cali como posibilidad creativa: Investigaci\u00f3n art\u00edstica autoetnogr\u00e1fica de actos sonoros en espacios p\u00fablicos<\/a><br>Sergio Ruiz Trejo<\/p>\n<\/div>\n<\/div>\n\n\n\n<div class=\"wp-block-columns is-layout-flex wp-container-core-columns-is-layout-2aa49d08 wp-block-columns-is-layout-flex\" style=\"padding-top:var(--wp--preset--spacing--50);padding-right:var(--wp--preset--spacing--50);padding-bottom:var(--wp--preset--spacing--50);padding-left:var(--wp--preset--spacing--50)\">\n<div class=\"wp-block-column is-layout-flow wp-block-column-is-layout-flow\">\n<h4 class=\"wp-block-heading\">Texturas<\/h4>\n\n\n\n<p><a href=\"https:\/\/ilia.uartes.edu.ec\/f-ilia\/texturas\/los-sonidos-de-la-conquista-obra-para-ocarinas-prehispanicas-cuarteto-de-cuerdas-y-percusiones\/\">Los sonidos de la conquista Obra para ocarinas prehisp\u00e1nicas, cuarteto de cuerdas y percusiones<\/a><br>Luis Eduardo Mart\u00ednez<\/p>\n\n\n\n<p><a href=\"https:\/\/ilia.uartes.edu.ec\/f-ilia\/texturas\/la-densidad-andina-el-universo-khipunk\/\">La Densidad Andina, el universo Khipunk<\/a><br>Jos\u00e9 Luis J\u00e1come Guerrero<\/p>\n\n\n\n<p><a href=\"https:\/\/ilia.uartes.edu.ec\/f-ilia\/texturas\/estaciones\/\">Estaciones<\/a><br>Henry Paspuel<\/p>\n\n\n\n<p><a href=\"https:\/\/ilia.uartes.edu.ec\/f-ilia\/texturas\/el-camino-hipostatico-dentro-del-modelo-decolonial-e-interdisciplinario-de-la-orquesta-de-instrumentos-autoctonos-y-nuevas-tecnologias\/\">El camino hipost\u00e1tico dentro del modelo decolonial e interdisciplinario de la Orquesta de Instrumentos Aut\u00f3ctonos y Nuevas Tecnolog\u00edas<\/a><br>Mar\u00eda Emilia Sosa Cacace<\/p>\n\n\n\n<p><a href=\"https:\/\/ilia.uartes.edu.ec\/f-ilia\/texturas\/iwa\/\">IWA<\/a><br>Montoya<\/p>\n\n\n\n<p><a href=\"https:\/\/ilia.uartes.edu.ec\/f-ilia\/texturas\/andes-machine\/\">Andes Machine<\/a><br>Marco Pinteiro<\/p>\n\n\n\n<p><a href=\"https:\/\/ilia.uartes.edu.ec\/f-ilia\/texturas\/axiomas-indigenas\/\">Axiomas Ind\u00edgenas<\/a><br>Roy F. Guzm\u00e1n<\/p>\n\n\n\n<p><a href=\"https:\/\/ilia.uartes.edu.ec\/f-ilia\/texturas\/pitauro-parte-para-saxofones-solo\/\">Pit\u00e1uro parte para saxofone(s) solo<\/a><br>Fernando dos Santos | Paulo F\u00e9lix | Pedro Gabriel Lima<\/p>\n<\/div>\n\n\n\n<div class=\"wp-block-column is-layout-flow wp-block-column-is-layout-flow\">\n<h4 class=\"wp-block-heading\">Contrapunteos<\/h4>\n\n\n\n<p><a href=\"https:\/\/ilia.uartes.edu.ec\/f-ilia\/contrapunteos\/cancelacion-del-ruido\/\">Cancelaci\u00f3n del ruido<\/a><br>Adela Vargas | Paula Gonz\u00e1lez | Rafael Sub\u00eda<\/p>\n\n\n\n<p><a href=\"https:\/\/ilia.uartes.edu.ec\/f-ilia\/contrapunteos\/bricolaje-cognitivo-o-la-utopia-de-un-tiempo-que-esta-por-venir\/\">Bricolaje Cognitivo O la utop\u00eda de un tiempo que est\u00e1 por venir<\/a><br>Jorge Barco<\/p>\n\n\n\n<h4 class=\"wp-block-heading\">Entrevistas<\/h4>\n\n\n\n<p><a href=\"https:\/\/ilia.uartes.edu.ec\/f-ilia\/entrevistas\/entrevista-a-mesias-maiguashca\/\">Entrevista a Mes\u00edas Maiguashca<\/a><br>Fredy Vallejos<\/p>\n<\/div>\n<\/div>\n\n\n<div class=\"wp-block-post-views-counter-post-views\"><div class=\"post-views content-post post-2498 entry-meta load-static\">\r\n\t\t\t\t<span class=\"post-views-icon dashicons dashicons-chart-bar\"><\/span> <span class=\"post-views-label\">Vistas:<\/span> <span class=\"post-views-count\">8<\/span>\r\n\t\t\t<\/div><\/div>","protected":false},"excerpt":{"rendered":"<p>Para el presente n\u00famero de F-ILIA, producido en colaboraci\u00f3n con el Centro Mexicano para la M\u00fasica y las Artes Sonoras &#8211; CMMAS hemos decidido reflexionar sobre la relaci\u00f3n entre producci\u00f3n art\u00edstica y tecnolog\u00eda, centr\u00e1ndonos en la diversidad de manifestaciones de di- cha relaci\u00f3n en las artes musicales y sonoras.<\/p>","protected":false},"author":1,"featured_media":1102,"parent":0,"menu_order":3,"comment_status":"open","ping_status":"closed","template":"","meta":{"_uag_custom_page_level_css":"","_monsterinsights_skip_tracking":false,"_monsterinsights_sitenote_active":false,"_monsterinsights_sitenote_note":"","_monsterinsights_sitenote_category":0,"cybocfi_hide_featured_image":"","footnotes":""},"class_list":["post-2498","page","type-page","status-publish","has-post-thumbnail","hentry"],"blocksy_meta":{"styles_descriptor":{"styles":{"desktop":"","tablet":"","mobile":""},"google_fonts":[],"version":6}},"uagb_featured_image_src":{"full":["https:\/\/ilia.uartes.edu.ec\/f-ilia\/wp-content\/uploads\/sites\/28\/2023\/02\/FILIA-04-portada.png",708,1000,false],"thumbnail":["https:\/\/ilia.uartes.edu.ec\/f-ilia\/wp-content\/uploads\/sites\/28\/2023\/02\/FILIA-04-portada-150x150.png",150,150,true],"medium":["https:\/\/ilia.uartes.edu.ec\/f-ilia\/wp-content\/uploads\/sites\/28\/2023\/02\/FILIA-04-portada-212x300.png",212,300,true],"medium_large":["https:\/\/ilia.uartes.edu.ec\/f-ilia\/wp-content\/uploads\/sites\/28\/2023\/02\/FILIA-04-portada.png",708,1000,false],"large":["https:\/\/ilia.uartes.edu.ec\/f-ilia\/wp-content\/uploads\/sites\/28\/2023\/02\/FILIA-04-portada.png",708,1000,false],"1536x1536":["https:\/\/ilia.uartes.edu.ec\/f-ilia\/wp-content\/uploads\/sites\/28\/2023\/02\/FILIA-04-portada.png",708,1000,false],"2048x2048":["https:\/\/ilia.uartes.edu.ec\/f-ilia\/wp-content\/uploads\/sites\/28\/2023\/02\/FILIA-04-portada.png",708,1000,false],"trp-custom-language-flag":["https:\/\/ilia.uartes.edu.ec\/f-ilia\/wp-content\/uploads\/sites\/28\/2023\/02\/FILIA-04-portada.png",8,12,false],"tainacan-small":["https:\/\/ilia.uartes.edu.ec\/f-ilia\/wp-content\/uploads\/sites\/28\/2023\/02\/FILIA-04-portada-40x40.png",40,40,true],"tainacan-medium":["https:\/\/ilia.uartes.edu.ec\/f-ilia\/wp-content\/uploads\/sites\/28\/2023\/02\/FILIA-04-portada-275x275.png",275,275,true],"tainacan-medium-full":["https:\/\/ilia.uartes.edu.ec\/f-ilia\/wp-content\/uploads\/sites\/28\/2023\/02\/FILIA-04-portada-205x290.png",205,290,true],"tainacan-large-full":["https:\/\/ilia.uartes.edu.ec\/f-ilia\/wp-content\/uploads\/sites\/28\/2023\/02\/FILIA-04-portada-480x678.png",480,678,true]},"uagb_author_info":{"display_name":"Universidad de las Artes","author_link":"https:\/\/ilia.uartes.edu.ec\/f-ilia\/en\/author\/dircomadm\/"},"uagb_comment_info":0,"uagb_excerpt":"Para el presente n\u00famero de F-ILIA, producido en colaboraci\u00f3n con el Centro Mexicano para la M\u00fasica y las Artes Sonoras - CMMAS hemos decidido reflexionar sobre la relaci\u00f3n entre producci\u00f3n art\u00edstica y tecnolog\u00eda, centr\u00e1ndonos en la diversidad de manifestaciones de di- cha relaci\u00f3n en las artes musicales y sonoras.","distributor_meta":false,"distributor_terms":false,"distributor_media":false,"distributor_original_site_name":"Revista F-ILIA - Investigaci\u00f3n, Arte y Memoria","distributor_original_site_url":"https:\/\/ilia.uartes.edu.ec\/f-ilia\/en","push-errors":false,"_links":{"self":[{"href":"https:\/\/ilia.uartes.edu.ec\/f-ilia\/en\/wp-json\/wp\/v2\/pages\/2498","targetHints":{"allow":["GET"]}}],"collection":[{"href":"https:\/\/ilia.uartes.edu.ec\/f-ilia\/en\/wp-json\/wp\/v2\/pages"}],"about":[{"href":"https:\/\/ilia.uartes.edu.ec\/f-ilia\/en\/wp-json\/wp\/v2\/types\/page"}],"author":[{"embeddable":true,"href":"https:\/\/ilia.uartes.edu.ec\/f-ilia\/en\/wp-json\/wp\/v2\/users\/1"}],"replies":[{"embeddable":true,"href":"https:\/\/ilia.uartes.edu.ec\/f-ilia\/en\/wp-json\/wp\/v2\/comments?post=2498"}],"version-history":[{"count":10,"href":"https:\/\/ilia.uartes.edu.ec\/f-ilia\/en\/wp-json\/wp\/v2\/pages\/2498\/revisions"}],"predecessor-version":[{"id":5424,"href":"https:\/\/ilia.uartes.edu.ec\/f-ilia\/en\/wp-json\/wp\/v2\/pages\/2498\/revisions\/5424"}],"wp:featuredmedia":[{"embeddable":true,"href":"https:\/\/ilia.uartes.edu.ec\/f-ilia\/en\/wp-json\/wp\/v2\/media\/1102"}],"wp:attachment":[{"href":"https:\/\/ilia.uartes.edu.ec\/f-ilia\/en\/wp-json\/wp\/v2\/media?parent=2498"}],"curies":[{"name":"wp","href":"https:\/\/api.w.org\/{rel}","templated":true}]}}