{"id":176,"date":"2021-11-29T21:36:37","date_gmt":"2021-11-29T21:36:37","guid":{"rendered":"http:\/\/ilia.uartes.edu.ec\/blog-f-ilia\/?page_id=176"},"modified":"2025-03-19T12:56:54","modified_gmt":"2025-03-19T17:56:54","slug":"quienes-somos","status":"publish","type":"page","link":"http:\/\/ilia.uartes.edu.ec\/blog-f-ilia\/quienes-somos\/","title":{"rendered":"Nosotros"},"content":{"rendered":"\n<p>El blog de F-ILIA es un equipo de investigaci\u00f3n sobre la cr\u00edtica de las artes que busca darle continuidad al espacio construido por Revista F-ILIA desde el punto de vista de la cr\u00edtica cultural. Considerando las&nbsp;din\u00e1micas de la producci\u00f3n editorial en web, ofrecemos un espacio para alojar materiales textuales y sonoros que extiendan el debate sobre las artes en otras tonalidades&nbsp;y por otros rumbos, acaso inesperados. Nuestra intenci\u00f3n primordial, sin embargo, es&nbsp;plantear un campo dial\u00f3gico, invitar a m\u00e1s actores del campo art\u00edstico y cultural para que tomen la palabra y la ejerzan con el esp\u00edritu cr\u00edtico que requieren nuestros tiempos.&nbsp;&nbsp;Entendemos a la cr\u00edtica como forma del pensamiento, el texto como espacio de acci\u00f3n. En este espacio alojamos textos de diversa \u00edndole que comentan lo \u00faltimo en el campo de la cultura y las artes.&nbsp;&nbsp;&nbsp;<\/p>\n\n\n\n<h2 class=\"wp-block-heading\">Investigadores  UArtes<\/h2>\n\n\n\n<ul class=\"wp-block-list\">\n<li>Lupe \u00c1lvarez<\/li>\n\n\n\n<li>Bertha D\u00edaz<\/li>\n\n\n\n<li>Javier Izquierdo <\/li>\n\n\n\n<li>Libia P\u00e9rez<\/li>\n<\/ul>\n\n\n\n<h2 class=\"wp-block-heading\">Investigadores externos<\/h2>\n\n\n\n<ul class=\"wp-block-list\">\n<li>Daniela Alc\u00edvar Bellolio (Casa Crri\u00f3n)<\/li>\n\n\n\n<li>Mar\u00eda Auxiliadora Alem\u00e1n (Cinemateca Nacional)<\/li>\n\n\n\n<li>Ana L\u00eda Borja (Universidad Central del Ecuador)<\/li>\n\n\n\n<li>Pepe Cueva (Universidad Central del Ecuador<\/li>\n\n\n\n<li>Christian Le\u00f3n (Universidad Andina Sim\u00f3n Bol\u00edvar<\/li>\n<\/ul>\n\n\n\n<h2 class=\"wp-block-heading\" id=\"equipo-editorial-semestre-2022-a\">Equipo editorial&nbsp;(2025)<\/h2>\n\n\n\n<ul class=\"wp-block-list\">\n<li>Cristian Astudillo <\/li>\n\n\n\n<li>Joel \u00c1lvarez<\/li>\n\n\n\n<li>Luisa Castellano<\/li>\n\n\n\n<li>Geovanna Goyes<\/li>\n\n\n\n<li>Katty Hern\u00e1ndez <\/li>\n\n\n\n<li>Mell Hungr\u00eda <\/li>\n\n\n\n<li>&nbsp;Melody Noboa<\/li>\n\n\n\n<li>Milena Pl\u00faas<\/li>\n\n\n\n<li>Darashea Toala <\/li>\n<\/ul>\n\n\n\n<h2 class=\"wp-block-heading\" id=\"editor-en-jefe-f-ilia\">Editor en jefe F-ILIA&nbsp;<\/h2>\n\n\n\n<p>Fernando Montenegro&nbsp;&nbsp;<\/p>\n\n\n\n<h2 class=\"wp-block-heading\" id=\"editora-de-contenidos-f-ilia\">Proyectos ILIA<\/h2>\n\n\n\n<p>Ana Mar\u00eda Crespo <\/p>\n\n\n\n<h2 class=\"wp-block-heading\" id=\"director-ilia\">Director ILIA&nbsp;<\/h2>\n\n\n\n<p>Pablo Cardoso&nbsp;&nbsp;<\/p>\n\n\n\n<p><\/p>\n","protected":false},"excerpt":{"rendered":"<p class=\"post-excerpt\">El blog de F-ILIA es un equipo de investigaci\u00f3n sobre la cr\u00edtica de las artes que busca darle continuidad al&#8230;<\/p>\n","protected":false},"author":1,"featured_media":0,"parent":0,"menu_order":0,"comment_status":"closed","ping_status":"closed","template":"","meta":{"_uag_custom_page_level_css":"","_monsterinsights_skip_tracking":false,"_monsterinsights_sitenote_active":false,"_monsterinsights_sitenote_note":"","_monsterinsights_sitenote_category":0,"cybocfi_hide_featured_image":"","footnotes":""},"class_list":["post-176","page","type-page","status-publish","hentry"],"uagb_featured_image_src":{"full":false,"thumbnail":false,"medium":false,"medium_large":false,"large":false,"1536x1536":false,"2048x2048":false,"gb-block-post-grid-landscape":false,"gb-block-post-grid-square":false,"post-thumbnail":false},"uagb_author_info":{"display_name":"Universidad de las Artes","author_link":"https:\/\/ilia.uartes.edu.ec\/blog-f-ilia\/author\/dircomadm\/"},"uagb_comment_info":0,"uagb_excerpt":"El blog de F-ILIA es un equipo de investigaci\u00f3n sobre la cr\u00edtica de las artes que busca darle continuidad al...","featured_image_src":null,"featured_image_src_square":null,"distributor_meta":false,"distributor_terms":false,"distributor_media":false,"distributor_original_site_name":"Blog F-ILIA","distributor_original_site_url":"https:\/\/ilia.uartes.edu.ec\/blog-f-ilia","push-errors":false,"_links":{"self":[{"href":"https:\/\/ilia.uartes.edu.ec\/blog-f-ilia\/wp-json\/wp\/v2\/pages\/176","targetHints":{"allow":["GET"]}}],"collection":[{"href":"https:\/\/ilia.uartes.edu.ec\/blog-f-ilia\/wp-json\/wp\/v2\/pages"}],"about":[{"href":"https:\/\/ilia.uartes.edu.ec\/blog-f-ilia\/wp-json\/wp\/v2\/types\/page"}],"author":[{"embeddable":true,"href":"https:\/\/ilia.uartes.edu.ec\/blog-f-ilia\/wp-json\/wp\/v2\/users\/1"}],"replies":[{"embeddable":true,"href":"https:\/\/ilia.uartes.edu.ec\/blog-f-ilia\/wp-json\/wp\/v2\/comments?post=176"}],"version-history":[{"count":9,"href":"https:\/\/ilia.uartes.edu.ec\/blog-f-ilia\/wp-json\/wp\/v2\/pages\/176\/revisions"}],"predecessor-version":[{"id":1889,"href":"https:\/\/ilia.uartes.edu.ec\/blog-f-ilia\/wp-json\/wp\/v2\/pages\/176\/revisions\/1889"}],"wp:attachment":[{"href":"https:\/\/ilia.uartes.edu.ec\/blog-f-ilia\/wp-json\/wp\/v2\/media?parent=176"}],"curies":[{"name":"wp","href":"https:\/\/api.w.org\/{rel}","templated":true}]}}